{"id":357684,"date":"2025-05-09T15:19:46","date_gmt":"2025-05-09T13:19:46","guid":{"rendered":"https:\/\/hvc.de\/plateaux-et-plateaux\/"},"modified":"2025-05-09T15:34:30","modified_gmt":"2025-05-09T13:34:30","slug":"plateaux-et-plateaux","status":"publish","type":"page","link":"https:\/\/hvc.de\/fr\/cartons\/plateaux-et-plateaux\/","title":{"rendered":"Plateaux et plateaux"},"content":{"rendered":"<p>Les plateaux pour produits laitiers ou les barquettes sont un emballage collectif pour de nombreuses variantes de pots. Il s&rsquo;agit \u00e9galement d&rsquo;un emballage ouvert qui peut contenir plusieurs emballages individuels. Les plateaux sont disponibles pour toutes les formes et tailles de pots possibles. La hauteur du bord des plateaux est adapt\u00e9e aux produits.   <\/p>\n<h3>Plateaux et barquettes pour produits laitiers comme suremballage id\u00e9al pour le commerce de gros et de d\u00e9tail<\/h3>\n<p>Le type de suremballage ou de plateau le plus r\u00e9pandu est la bo\u00eete en carton plate, qui peut contenir jusqu&rsquo;\u00e0 20 unit\u00e9s. Les plateaux plus grands pour gobelets sont \u00e9galement appel\u00e9s \u00ab\u00a0palettes de gobelets\u00a0\u00bb. Cependant, il existe \u00e9galement des plateaux pour 4, 6, 12 ou 20 gobelets, parfois m\u00eame pour des canettes. La taille du suremballage pour 6 gobelets est commun\u00e9ment appel\u00e9e \u00ab\u00a0sixpack\u00a0\u00bb.   <\/p>\n<ul>\n<li>Les plateaux <strong>facilitent le remplissage des \u00e9tag\u00e8res<\/strong><\/li>\n<li>Les plateaux <strong>facilitent le comptage<\/strong> des marchandises lors d&rsquo;un inventaire.<\/li>\n<li>Le suremballage <strong>facilite la logistique en cas de grandes quantit\u00e9s, car il est plus facile \u00e0 empiler<\/strong> que les produits en vrac et peut donc \u00eatre transport\u00e9 de mani\u00e8re plus s\u00fbre.<\/li>\n<\/ul>\n<p>Les barquettes sont donc principalement utilis\u00e9es dans les supermarch\u00e9s pour la vente de yaourts ou de puddings, car l&rsquo;utilisation d&rsquo;un suremballage facilite non seulement le remplissage des rayons, mais aussi le pr\u00e9l\u00e8vement des produits par le consommateur final. Lorsque le contenu d&rsquo;une barquette est \u00e9puis\u00e9, il est facile de l&rsquo;enlever et d&rsquo;acc\u00e9der au contenu situ\u00e9 en dessous. <\/p>\n<h3>Que font exactement les steigen pour les produits \u00e0 base de molkov ?<\/h3>\n<p>Les produits concern\u00e9s, c&rsquo;est-\u00e0-dire ceux qui trouvent leur place dans les caisses pour produits laitiers, sont g\u00e9n\u00e9ralement des pots de cr\u00e8me et de yaourt, mais aussi de fruits. Qu&rsquo;ils soient ronds ou avec des angles, il est possible de concevoir et de fabriquer ult\u00e9rieurement un plateau pour presque tous les types de pots.   <strong>Les cagettes pour produits laitiers ou autres produits alimentaires sont donc utilis\u00e9es dans le commerce de gros pour les marchandises g\u00e9n\u00e9rales.<\/strong>  Par exemple, les caisses de produits laitiers sont utilis\u00e9es comme emballage secondaire pour les pots de cr\u00e8me ou de yaourt dans les magasins discount. Ces emballages, \u00e9galement appel\u00e9s supports, sont en carton compact sp\u00e9cial et peuvent contenir un nombre variable d&rsquo;unit\u00e9s. Comme il ne s&rsquo;agit pas d&rsquo;un emballage direct du produit, mais que celui-ci est \u00e9galement mis en rayon, un support personnalis\u00e9 sert d&rsquo;accroche-regard en rayon pour le client. <strong>La diversit\u00e9 des plateaux montre que ce produit est utilis\u00e9 comme support publicitaire dans les magasins de discount ou les supermarch\u00e9s.<\/strong> Il n&rsquo;y a pratiquement aucune limite \u00e0 la diversit\u00e9 des couleurs, des formes et de bien d&rsquo;autres choses. L&rsquo;objectif est de mettre en valeur le produit dans les rayons et d&rsquo;inciter le client \u00e0 l&rsquo;acheter.  <\/p>\n<h3>Pratiques et protectrices &#8211; cagettes pour produits laitiers<\/h3>\n<p>Mais ces plateaux et caisses pour produits laitiers ne servent pas seulement de support publicitaire, ils permettent surtout de garantir un transport s\u00fbr des marchandises. Les marchandises (pots de yaourt) sont en outre maintenues en place par un couvercle perfor\u00e9, ce qui \u00e9vite d&rsquo;avoir \u00e0 couvrir l&#8217;emballage. <strong>En outre, les caisses pour produits laitiers assurent la fonctionnalit\u00e9 de la ligne de production enti\u00e8rement automatis\u00e9e dans les laiteries<\/strong>, car la d\u00e9coupe des caisses est g\u00e9n\u00e9ralement effectu\u00e9e par des automates. Cependant, nous pouvons \u00e9galement coller les claies sur demande pour les dresser manuellement ou m\u00e9caniquement. En g\u00e9n\u00e9ral, les cagettes pour produits laitiers sont une solution pratique en carton compact qui r\u00e9pond \u00e0 toutes les exigences.   <\/p>\n","protected":false},"excerpt":{"rendered":"<p>Les plateaux pour produits laitiers ou les barquettes sont un emballage collectif pour de nombreuses variantes de pots. Il s&rsquo;agit \u00e9galement d&rsquo;un emballage ouvert qui peut contenir plusieurs emballages individuels. Les plateaux sont disponibles pour toutes les formes et tailles de pots possibles. La hauteur du bord des plateaux est adapt\u00e9e aux produits. Plateaux et [&hellip;]<\/p>\n","protected":false},"author":1,"featured_media":0,"parent":357723,"menu_order":0,"comment_status":"open","ping_status":"closed","template":"","meta":{"_seopress_robots_primary_cat":"","_seopress_titles_title":"","_seopress_titles_desc":"","_seopress_robots_index":"","inline_featured_image":false,"footnotes":""},"class_list":["post-357684","page","type-page","status-publish","hentry"],"jetpack_sharing_enabled":true,"_links":{"self":[{"href":"https:\/\/hvc.de\/fr\/wp-json\/wp\/v2\/pages\/357684","targetHints":{"allow":["GET"]}}],"collection":[{"href":"https:\/\/hvc.de\/fr\/wp-json\/wp\/v2\/pages"}],"about":[{"href":"https:\/\/hvc.de\/fr\/wp-json\/wp\/v2\/types\/page"}],"author":[{"embeddable":true,"href":"https:\/\/hvc.de\/fr\/wp-json\/wp\/v2\/users\/1"}],"replies":[{"embeddable":true,"href":"https:\/\/hvc.de\/fr\/wp-json\/wp\/v2\/comments?post=357684"}],"version-history":[{"count":1,"href":"https:\/\/hvc.de\/fr\/wp-json\/wp\/v2\/pages\/357684\/revisions"}],"predecessor-version":[{"id":357724,"href":"https:\/\/hvc.de\/fr\/wp-json\/wp\/v2\/pages\/357684\/revisions\/357724"}],"up":[{"embeddable":true,"href":"https:\/\/hvc.de\/fr\/wp-json\/wp\/v2\/pages\/357723"}],"wp:attachment":[{"href":"https:\/\/hvc.de\/fr\/wp-json\/wp\/v2\/media?parent=357684"}],"curies":[{"name":"wp","href":"https:\/\/api.w.org\/{rel}","templated":true}]}}