{"id":357685,"date":"2025-05-09T15:19:58","date_gmt":"2025-05-09T13:19:58","guid":{"rendered":"https:\/\/hvc.de\/societe\/"},"modified":"2025-05-09T15:19:58","modified_gmt":"2025-05-09T13:19:58","slug":"societe","status":"publish","type":"page","link":"https:\/\/hvc.de\/fr\/societe\/","title":{"rendered":"Soci\u00e9t\u00e9"},"content":{"rendered":"<h2 style=\"text-align: center;\">Votre fabricant de cartons :<\/h2>\n<h2 style=\"text-align: center;\">Hubert von Carnap<\/h2>\n<p>La soci\u00e9t\u00e9 HvC est l&rsquo;abr\u00e9viation du fondateur de la soci\u00e9t\u00e9 : Hubert von Carnap.<\/p>\n<p><b>Nous sommes un fabricant de bo\u00eetes en carton compact de haute qualit\u00e9.<\/b>  Notre entreprise existe depuis 1870 et depuis le d\u00e9but des ann\u00e9es 70, nous sommes install\u00e9s dans le beau Windecker L\u00e4ndchen.<\/p>\n<p>Au total, notre entreprise de fabrication de cartons compte 48 employ\u00e9s. <b>Notre entreprise est un leader dans le domaine de la fabrication de cartons<\/b> et cette passion se refl\u00e8te dans notre personnel. Gr\u00e2ce \u00e0 son engagement et \u00e0 la qualit\u00e9 de ses produits, notre entreprise familiale est devenue le cartonnier \u00e0 succ\u00e8s qu&rsquo;elle est aujourd&rsquo;hui. Nos conseillers client\u00e8le s&rsquo;engagent \u00e0 r\u00e9pondre \u00e0 vos besoins et \u00e0 vous aider individuellement \u00e0 satisfaire vos demandes de produits. Qu&rsquo;il s&rsquo;agisse d&rsquo;une modification de livraison \u00e0 court terme ou d&rsquo;une r\u00e9clamation, vous trouverez chez le fabricant d&#8217;emballages en carton HvC un interlocuteur comp\u00e9tent qui se tient \u00e0 votre disposition pour vous conseiller.   <\/p>\n<h3>Vous cherchez un fabricant pour vos cartons ? Nous fournissons de nombreux secteurs&#8230; <\/h3>\n<p>Des entreprises de diff\u00e9rents secteurs font appel \u00e0 nos services de fabrication de cartons : des laiteries de renom ainsi que la vaste industrie des explosifs, du carrelage, de l&rsquo;outillage et de la chimie. Vous pouvez toujours vous renseigner sur notre travail de cartonnier et sur la production. Il vous suffit de demander un catalogue de produits et de vous faire conseiller sur vos besoins en mati\u00e8re de produits.  <\/p>\n<p><b>Plus d&rsquo;informations :<\/b><\/p>\n<ul>\n<li><a href=\"https:\/\/hvc.de\/de\/wp-content\/uploads\/2014\/03\/Flyer_HvC_Version_2.pdf\">Brochure de l&rsquo;entreprise &#8211; HvC se pr\u00e9sente<\/a><\/li>\n<li><a href=\"https:\/\/www.hvc.de\/de\/kontakt\/\">Notre \u00e9quipe &#8211; vos contacts<\/a><\/li>\n<li><a href=\"https:\/\/www.hvc.de\/de\/unternehmen\/historie\/\">Histoire de l&rsquo;entreprise &#8211; la qualit\u00e9 de l&#8217;emballage depuis 1870<\/a><\/li>\n<li><a href=\"https:\/\/www.hvc.de\/de\/kontakt\/\">Vous trouverez ici HvC &#8211; Emplacement et plan de situation<\/a><\/li>\n<\/ul>\n","protected":false},"excerpt":{"rendered":"<p>Votre fabricant de cartons : Hubert von Carnap La soci\u00e9t\u00e9 HvC est l&rsquo;abr\u00e9viation du fondateur de la soci\u00e9t\u00e9 : Hubert von Carnap. Nous sommes un fabricant de bo\u00eetes en carton compact de haute qualit\u00e9. Notre entreprise existe depuis 1870 et depuis le d\u00e9but des ann\u00e9es 70, nous sommes install\u00e9s dans le beau Windecker L\u00e4ndchen. Au [&hellip;]<\/p>\n","protected":false},"author":1,"featured_media":0,"parent":0,"menu_order":6,"comment_status":"open","ping_status":"closed","template":"","meta":{"_seopress_robots_primary_cat":"","_seopress_titles_title":"","_seopress_titles_desc":"","_seopress_robots_index":"","inline_featured_image":false,"footnotes":""},"class_list":["post-357685","page","type-page","status-publish","hentry"],"jetpack_sharing_enabled":true,"_links":{"self":[{"href":"https:\/\/hvc.de\/fr\/wp-json\/wp\/v2\/pages\/357685","targetHints":{"allow":["GET"]}}],"collection":[{"href":"https:\/\/hvc.de\/fr\/wp-json\/wp\/v2\/pages"}],"about":[{"href":"https:\/\/hvc.de\/fr\/wp-json\/wp\/v2\/types\/page"}],"author":[{"embeddable":true,"href":"https:\/\/hvc.de\/fr\/wp-json\/wp\/v2\/users\/1"}],"replies":[{"embeddable":true,"href":"https:\/\/hvc.de\/fr\/wp-json\/wp\/v2\/comments?post=357685"}],"version-history":[{"count":0,"href":"https:\/\/hvc.de\/fr\/wp-json\/wp\/v2\/pages\/357685\/revisions"}],"wp:attachment":[{"href":"https:\/\/hvc.de\/fr\/wp-json\/wp\/v2\/media?parent=357685"}],"curies":[{"name":"wp","href":"https:\/\/api.w.org\/{rel}","templated":true}]}}