{"id":357686,"date":"2025-05-09T15:20:42","date_gmt":"2025-05-09T13:20:42","guid":{"rendered":"https:\/\/hvc.de\/gestion-de-la-qualite\/"},"modified":"2025-05-09T15:20:42","modified_gmt":"2025-05-09T13:20:42","slug":"gestion-de-la-qualite","status":"publish","type":"page","link":"https:\/\/hvc.de\/fr\/gestion-de-la-qualite\/","title":{"rendered":"Gestion de la qualit\u00e9"},"content":{"rendered":"<p>Notre propre syst\u00e8me de gestion d&rsquo;entreprise, d\u00e9velopp\u00e9 sous Linux, a \u00e9t\u00e9 strictement adapt\u00e9 aux exigences de la norme ISO 9001. Chez HvC, nous nous effor\u00e7ons constamment d&rsquo;am\u00e9liorer la qualit\u00e9 par la recherche et le d\u00e9veloppement. Cela va de pair avec une formation permanente de nos collaborateurs.  <\/p>\n<p>C&rsquo;est pourquoi l&rsquo;id\u00e9e de base du TQM, Total Quality Management, est et a toujours \u00e9t\u00e9 au premier plan pour nous.<\/p>\n","protected":false},"excerpt":{"rendered":"<p>Notre propre syst\u00e8me de gestion d&rsquo;entreprise, d\u00e9velopp\u00e9 sous Linux, a \u00e9t\u00e9 strictement adapt\u00e9 aux exigences de la norme ISO 9001. Chez HvC, nous nous effor\u00e7ons constamment d&rsquo;am\u00e9liorer la qualit\u00e9 par la recherche et le d\u00e9veloppement. Cela va de pair avec une formation permanente de nos collaborateurs. C&rsquo;est pourquoi l&rsquo;id\u00e9e de base du TQM, Total Quality [&hellip;]<\/p>\n","protected":false},"author":1,"featured_media":0,"parent":0,"menu_order":4,"comment_status":"open","ping_status":"closed","template":"","meta":{"_seopress_robots_primary_cat":"","_seopress_titles_title":"","_seopress_titles_desc":"","_seopress_robots_index":"","inline_featured_image":false,"footnotes":""},"class_list":["post-357686","page","type-page","status-publish","hentry"],"jetpack_sharing_enabled":true,"_links":{"self":[{"href":"https:\/\/hvc.de\/fr\/wp-json\/wp\/v2\/pages\/357686","targetHints":{"allow":["GET"]}}],"collection":[{"href":"https:\/\/hvc.de\/fr\/wp-json\/wp\/v2\/pages"}],"about":[{"href":"https:\/\/hvc.de\/fr\/wp-json\/wp\/v2\/types\/page"}],"author":[{"embeddable":true,"href":"https:\/\/hvc.de\/fr\/wp-json\/wp\/v2\/users\/1"}],"replies":[{"embeddable":true,"href":"https:\/\/hvc.de\/fr\/wp-json\/wp\/v2\/comments?post=357686"}],"version-history":[{"count":0,"href":"https:\/\/hvc.de\/fr\/wp-json\/wp\/v2\/pages\/357686\/revisions"}],"wp:attachment":[{"href":"https:\/\/hvc.de\/fr\/wp-json\/wp\/v2\/media?parent=357686"}],"curies":[{"name":"wp","href":"https:\/\/api.w.org\/{rel}","templated":true}]}}