{"id":357697,"date":"2025-05-09T15:23:18","date_gmt":"2025-05-09T13:23:18","guid":{"rendered":"https:\/\/hvc.de\/environnement\/"},"modified":"2026-03-30T15:04:06","modified_gmt":"2026-03-30T13:04:06","slug":"environnement","status":"publish","type":"page","link":"https:\/\/hvc.de\/fr\/environnement\/","title":{"rendered":"Environnement"},"content":{"rendered":"<div class=\"et_pb_section_0 et_pb_section et_section_regular et_block_section preset--module--divi-section--default\"><div class=\"et_pb_row_0 et_pb_row et_block_row\"><div class=\"et_pb_column_0 et_pb_column et_pb_column_1_2 et_block_column et_pb_css_mix_blend_mode_passthrough\"><div class=\"et_pb_text_0 et_pb_text et_pb_bg_layout_light et_pb_module et_block_module\"><div class=\"et_pb_text_inner\"><h1><span style=\"color: #4359e9;\">Divi Energy <\/span> Ready to Go Green ?<\/h1>\n<p>Etiam viverra a risus at porta. Fusce at vulputate metus, a dictum neque. Mauris et nibh nisi. Integer metus enim, eleifend in accumsan vel.   <\/p>\n<\/div><\/div><div class=\"et_pb_module et_pb_button_module_wrapper et_pb_button_0_wrapper\"><a class=\"et_pb_button_0 et_pb_button et_pb_bg_layout_light et_pb_module et_block_module\" href=\"\" data-icon=\"$\">Learn More<\/a><\/div><\/div><div class=\"et_pb_column_1 et_pb_column et_pb_column_1_2 et-last-child et_block_column et_pb_css_mix_blend_mode_passthrough\"><div class=\"et_pb_image_0 et_pb_image et_pb_module et_block_module\"><span class=\"et_pb_image_wrap\"><img decoding=\"async\" src=\"https:\/\/www.hvc.de\/de\/wp-content\/uploads\/2022\/02\/green-energy-14.png\" \/><\/span><\/div><div class=\"et_pb_image_1 et_pb_image et_pb_module et_block_module\"><a href=\"#\"><span class=\"et_pb_image_wrap\"><img decoding=\"async\" src=\"https:\/\/www.hvc.de\/de\/wp-content\/uploads\/2022\/02\/green-energy-17.png\" \/><\/span><\/a><\/div><\/div><\/div><\/div><div class=\"et_pb_section_1 et_pb_section et_section_regular et_block_section preset--module--divi-section--default\"><div class=\"et_pb_row_1 et_pb_row et_block_row\"><div class=\"et_pb_column_2 et_pb_column et_pb_column_1_3 et_block_column et_pb_css_mix_blend_mode_passthrough\"><div class=\"et_pb_blurb_0 et_pb_blurb et_pb_bg_layout_dark et_pb_text_align_center et_pb_blurb_position_top et_pb_module et_block_module\"><div class=\"et_pb_blurb_content\"><div class=\"et_pb_main_blurb_image\"><span class=\"et_pb_image_wrap et_pb_only_image_mode_wrap\"><img decoding=\"async\" src=\"https:\/\/www.hvc.de\/de\/wp-content\/uploads\/2022\/02\/green-energy-icon-17-2.png\" \/><\/span><\/div><div class=\"et_pb_blurb_container\"><h4 class=\"et_pb_module_header\">Lorem<\/h4><div class=\"et_pb_blurb_description\"><p>Nulla quis lorem ut libero malesuada feugiat. Nulla porttitor accumsan tincidunt. Lorem ipsum dolor sit amet, consectetur adipiscing elit. Proin eget tortor risus.   <\/p>\n<\/div><\/div><\/div><\/div><\/div><div class=\"et_pb_column_3 et_pb_column et_pb_column_1_3 et_block_column et_pb_css_mix_blend_mode_passthrough\"><div class=\"et_pb_blurb_1 et_pb_blurb et_pb_bg_layout_dark et_pb_text_align_center et_pb_blurb_position_top et_pb_module et_block_module\"><div class=\"et_pb_blurb_content\"><div class=\"et_pb_main_blurb_image\"><span class=\"et_pb_image_wrap et_pb_only_image_mode_wrap\"><img decoding=\"async\" src=\"https:\/\/www.hvc.de\/de\/wp-content\/uploads\/2022\/02\/green-energy-icon-15-2.png\" \/><\/span><\/div><div class=\"et_pb_blurb_container\"><h4 class=\"et_pb_module_header\">Ipsum<\/h4><div class=\"et_pb_blurb_description\"><p>Nulla quis lorem ut libero malesuada feugiat. Nulla porttitor accumsan tincidunt. Lorem ipsum dolor sit amet, consectetur adipiscing elit. Proin eget tortor risus.   <\/p>\n<\/div><\/div><\/div><\/div><\/div><div class=\"et_pb_column_4 et_pb_column et_pb_column_1_3 et-last-child et_block_column et_pb_css_mix_blend_mode_passthrough\"><div class=\"et_pb_blurb_2 et_pb_blurb et_pb_bg_layout_dark et_pb_text_align_center et_pb_blurb_position_top et_pb_module et_block_module\"><div class=\"et_pb_blurb_content\"><div class=\"et_pb_main_blurb_image\"><span class=\"et_pb_image_wrap et_pb_only_image_mode_wrap\"><img decoding=\"async\" src=\"https:\/\/www.hvc.de\/de\/wp-content\/uploads\/2022\/02\/green-energy-icon-10-2.png\" \/><\/span><\/div><div class=\"et_pb_blurb_container\"><h4 class=\"et_pb_module_header\">Elit<\/h4><div class=\"et_pb_blurb_description\"><p>Nulla quis lorem ut libero malesuada feugiat. Nulla porttitor accumsan tincidunt. Lorem ipsum dolor sit amet, consectetur adipiscing elit. Proin eget tortor risus.   <\/p>\n<\/div><\/div><\/div><\/div><\/div><\/div><\/div><div class=\"et_pb_section_2 et_pb_section et_section_regular et_block_section preset--module--divi-section--default\"><div class=\"et_pb_row_2 et_pb_row et_block_row\"><div class=\"et_pb_column_5 et_pb_column et_pb_column_4_4 et-last-child et_block_column et_pb_css_mix_blend_mode_passthrough\"><div class=\"et_pb_image_2 et_pb_image et_pb_module et_block_module\"><span class=\"et_pb_image_wrap\"><img decoding=\"async\" src=\"https:\/\/www.hvc.de\/de\/wp-content\/uploads\/2022\/02\/green-energy-icon-18-2.png\" \/><\/span><\/div><div class=\"et_pb_text_1 et_pb_text et_pb_bg_layout_light et_pb_module et_block_module et_pb_text_align_center\"><div class=\"et_pb_text_inner\"><h2>Pr\u00eat \u00e0 \u00e9conomiser 40% suppl\u00e9mentaires sur votre facture d'\u00e9nergie ?<\/h2>\n<\/div><\/div><div class=\"et_pb_module et_pb_button_module_wrapper et_pb_button_1_wrapper\"><a class=\"et_pb_button_1 et_pb_button et_pb_bg_layout_light et_pb_module et_block_module\" href=\"\" data-icon=\"$\">Parler \u00e0 un expert<\/a><\/div><div class=\"et_pb_module et_pb_button_module_wrapper et_pb_button_2_wrapper\"><a class=\"et_pb_button_2 et_pb_button et_pb_bg_layout_light et_pb_module et_block_module\" href=\"\" data-icon=\"$\">Learn More<\/a><\/div><\/div><\/div><\/div><div class=\"et_pb_section_3 et_pb_section et_section_regular et_block_section preset--module--divi-section--default\"><div class=\"et_pb_row_3 et_pb_row et_block_row\"><div class=\"et_pb_column_6 et_pb_column et_pb_column_4_4 et-last-child et_block_column et_pb_css_mix_blend_mode_passthrough\"><div class=\"et_pb_text_2 et_pb_text et_pb_bg_layout_light et_pb_module et_block_module\"><div class=\"et_pb_text_inner\"><h2>FAQ<\/h2>\n<\/div><\/div><div class=\"et_pb_accordion_0 et_pb_accordion et_pb_module et_block_module\"><div class=\"et_pb_accordion_item_0 et_pb_accordion_item et_pb_toggle et_pb_module et_pb_toggle_open et_block_module\"><h5 class=\"et_pb_toggle_title\">Lorem ipsum dolor sit amet.<\/h5><div class=\"et_pb_toggle_content\"><p>Pellentesque mollis in nisl vitae dapibus. Nunc nec consectetur orci, at sodales ligula. Praesent tempor ultrices tortor, in mollis ex pellentesque ac. Aenean egestas libero eu metus tincidunt sollicitudin at in neque.   <\/p>\n<\/div><\/div><div class=\"et_pb_accordion_item_1 et_pb_accordion_item et_pb_toggle et_pb_module et_pb_toggle_close et_block_module\"><h5 class=\"et_pb_toggle_title\">Pellentesque mollis in nisl vitae dapibus ?<\/h5><div class=\"et_pb_toggle_content\"><p>Pellentesque mollis in nisl vitae dapibus. Nunc nec consectetur orci, at sodales ligula. Praesent tempor ultrices tortor, in mollis ex pellentesque ac. Aenean egestas libero eu metus tincidunt sollicitudin at in neque.<\/p>\n<\/div><\/div><div class=\"et_pb_accordion_item_2 et_pb_accordion_item et_pb_toggle et_pb_module et_pb_toggle_close et_block_module\"><h5 class=\"et_pb_toggle_title\">Aenean egestas libero eu metus tincidunt ?<\/h5><div class=\"et_pb_toggle_content\"><p>Pellentesque mollis in nisl vitae dapibus. Nunc nec consectetur orci, at sodales ligula. Praesent tempor ultrices tortor, in mollis ex pellentesque ac. Aenean egestas libero eu metus tincidunt sollicitudin at in neque.<\/p>\n<\/div><\/div><div class=\"et_pb_accordion_item_3 et_pb_accordion_item et_pb_toggle et_pb_module et_pb_toggle_close et_block_module\"><h5 class=\"et_pb_toggle_title\">Nunc nec consectetur orci ?<\/h5><div class=\"et_pb_toggle_content\"><p>Pellentesque mollis in nisl vitae dapibus. Nunc nec consectetur orci, at sodales ligula. Praesent tempor ultrices tortor, in mollis ex pellentesque ac. Aenean egestas libero eu metus tincidunt sollicitudin at in neque.<\/p>\n<\/div><\/div><div class=\"et_pb_accordion_item_4 et_pb_accordion_item et_pb_toggle et_pb_module et_pb_toggle_close et_block_module\"><h5 class=\"et_pb_toggle_title\">Praesent tempor ultrices tortor in mollis ex pellentesque ac ?<\/h5><div class=\"et_pb_toggle_content\"><p>Pellentesque mollis in nisl vitae dapibus. Nunc nec consectetur orci, at sodales ligula. Praesent tempor ultrices tortor, in mollis ex pellentesque ac. Aenean egestas libero eu metus tincidunt sollicitudin at in neque.<\/p>\n<\/div><\/div><\/div><\/div><\/div><\/div><div class=\"et_pb_section_4 et_pb_section et_section_specialty et_pb_gutters3 et_block_section\"><div class=\"et_pb_row et_block_row\"><div class=\"et_pb_column_7 et_pb_column et_pb_column_single et_pb_column_1_3 et_block_column et_pb_css_mix_blend_mode_passthrough\"><div class=\"et_pb_text_3 et_pb_text et_pb_bg_layout_light et_pb_module et_block_module\"><div class=\"et_pb_text_inner\"><h3>Vivamus Sed Elementum<\/h3>\n<p>Vivamus sed elementum arcu, sed posuere tortor. Nullam nibh metus, lacinia quis ultrices vitae, interdum et eros. Fusce imperdiet, risus a ultrices facilisis.  <\/p>\n<\/div><\/div><div class=\"et_pb_module et_pb_button_module_wrapper et_pb_button_3_wrapper\"><a class=\"et_pb_button_3 et_pb_button et_pb_bg_layout_light et_pb_module et_block_module\" href=\"\" data-icon=\"$\">Learn More<\/a><\/div><\/div><div class=\"et_pb_column_8 et_pb_column et_pb_specialty_column et_pb_column_2_3 et-last-child et_block_column et_pb_css_mix_blend_mode_passthrough\"><div class=\"et_pb_row_inner_0 et_pb_row_inner et_block_row\"><div class=\"et_pb_column_inner_0 et_pb_column_inner et_pb_column et_pb_column_1_3 et_block_column et_pb_css_mix_blend_mode_passthrough\"><div class=\"et_pb_blurb_3 et_pb_blurb et_pb_bg_layout_light et_pb_text_align_center et_pb_blurb_position_top et_pb_module et_block_module\"><div class=\"et_pb_blurb_content\"><div class=\"et_pb_main_blurb_image\"><span class=\"et_pb_image_wrap et_pb_only_image_mode_wrap\"><img decoding=\"async\" src=\"https:\/\/www.hvc.de\/de\/wp-content\/uploads\/2022\/02\/green-energy-icon-11-1.png\" \/><\/span><\/div><div class=\"et_pb_blurb_container\"><h4 class=\"et_pb_module_header\">Lorem Ipsum<\/h4><div class=\"et_pb_blurb_description\"><p>Vivamus sed elementum arcu, sed posuere tortor. Nullam nibh metus, lacinia quis ultrices vitae, interdum et eros. Fusce imperdiet, risus a ultrices facilisis.<\/p>\n<\/div><\/div><\/div><\/div><\/div><div class=\"et_pb_column_inner_1 et_pb_column_inner et_pb_column et_pb_column_1_3 et-last-child et_block_column et_pb_css_mix_blend_mode_passthrough\"><div class=\"et_pb_blurb_4 et_pb_blurb et_pb_bg_layout_light et_pb_text_align_center et_pb_blurb_position_top et_pb_module et_block_module\"><div class=\"et_pb_blurb_content\"><div class=\"et_pb_main_blurb_image\"><span class=\"et_pb_image_wrap et_pb_only_image_mode_wrap\"><img decoding=\"async\" src=\"https:\/\/www.hvc.de\/de\/wp-content\/uploads\/2022\/02\/green-energy-icon-1.png\" \/><\/span><\/div><div class=\"et_pb_blurb_container\"><h4 class=\"et_pb_module_header\">Dolor Amet Conset<\/h4><div class=\"et_pb_blurb_description\"><p>Vivamus sed elementum arcu, sed posuere tortor. Nullam nibh metus, lacinia quis ultrices vitae, interdum et eros. Fusce imperdiet, risus a ultrices facilisis.  <\/p>\n<\/div><\/div><\/div><\/div><\/div><\/div><div class=\"et_pb_row_inner_1 et_pb_row_inner et_block_row\"><div class=\"et_pb_column_inner_2 et_pb_column_inner et_pb_column et_pb_column_4_4 et-last-child et_block_column et_pb_css_mix_blend_mode_passthrough\"><div class=\"et_pb_image_3 et_pb_image et_pb_module et_block_module\"><span class=\"et_pb_image_wrap\"><img decoding=\"async\" src=\"https:\/\/www.hvc.de\/de\/wp-content\/uploads\/2022\/02\/green-energy-23.png\" \/><\/span><\/div><\/div><\/div><\/div><\/div><\/div><div class=\"et_pb_section_5 et_pb_section et_pb_fullwidth_section et_section_regular et_block_section\"><section class=\"et_pb_fullwidth_header_0 et_pb_fullwidth_header et_pb_bg_layout_dark et_pb_text_align_center et_pb_module et_flex_module\"><div class=\"et_pb_fullwidth_header_container center\"><div class=\"header-content-container center\"><div class=\"header-content et_flex_module\"><h1 class=\"et_pb_module_header\">Propre. Renouvelable. Efficace.  <\/h1><div class=\"et_pb_header_content_wrapper\"><p>Vivamus non orci non ligula fermentum vulputate imperdiet a nisl. Orci varius natoque penatibus et magnis dis parturient montes, nascetur. <\/p>\n<\/div><div class=\"et_pb_header_button_wrapper\"><a class=\"et_pb_button et_pb_more_button et_pb_button_one\" href=\"\" data-icon=\"$\">D\u00e9marrer<\/a><a class=\"et_pb_button et_pb_more_button et_pb_button_two\" href=\"\" data-icon=\"$\">Learn More<\/a><\/div><\/div><\/div><\/div><div class=\"et_pb_fullwidth_header_overlay\"><\/div><div class=\"et_pb_fullwidth_header_scroll\"><\/div><\/section><\/div>","protected":false},"excerpt":{"rendered":"","protected":false},"author":1,"featured_media":0,"parent":0,"menu_order":3,"comment_status":"open","ping_status":"open","template":"","meta":{"_seopress_robots_primary_cat":"","_seopress_titles_title":"","_seopress_titles_desc":"","_seopress_robots_index":"","inline_featured_image":false,"footnotes":""},"class_list":["post-357697","page","type-page","status-publish","hentry"],"jetpack_sharing_enabled":true,"_links":{"self":[{"href":"https:\/\/hvc.de\/fr\/wp-json\/wp\/v2\/pages\/357697","targetHints":{"allow":["GET"]}}],"collection":[{"href":"https:\/\/hvc.de\/fr\/wp-json\/wp\/v2\/pages"}],"about":[{"href":"https:\/\/hvc.de\/fr\/wp-json\/wp\/v2\/types\/page"}],"author":[{"embeddable":true,"href":"https:\/\/hvc.de\/fr\/wp-json\/wp\/v2\/users\/1"}],"replies":[{"embeddable":true,"href":"https:\/\/hvc.de\/fr\/wp-json\/wp\/v2\/comments?post=357697"}],"version-history":[{"count":3,"href":"https:\/\/hvc.de\/fr\/wp-json\/wp\/v2\/pages\/357697\/revisions"}],"predecessor-version":[{"id":359706,"href":"https:\/\/hvc.de\/fr\/wp-json\/wp\/v2\/pages\/357697\/revisions\/359706"}],"wp:attachment":[{"href":"https:\/\/hvc.de\/fr\/wp-json\/wp\/v2\/media?parent=357697"}],"curies":[{"name":"wp","href":"https:\/\/api.w.org\/{rel}","templated":true}]}}