{"id":357723,"date":"2025-05-09T15:34:30","date_gmt":"2025-05-09T13:34:30","guid":{"rendered":"https:\/\/hvc.de\/cartons\/"},"modified":"2026-03-30T15:04:15","modified_gmt":"2026-03-30T13:04:15","slug":"cartons","status":"publish","type":"page","link":"https:\/\/hvc.de\/fr\/cartons\/","title":{"rendered":"Cartons"},"content":{"rendered":"<div class=\"et_pb_section_0 et_pb_section et_section_regular et_block_section preset--module--divi-section--default\"><div class=\"et_pb_row_0 et_pb_row et_pb_gutters2 et_block_row et_pb_row_fullwidth\"><div class=\"et_pb_column_0 et_pb_column et_pb_column_4_4 et-last-child et_block_column et_pb_css_mix_blend_mode_passthrough\"><div class=\"et_pb_text_0 et_pb_text et_pb_bg_layout_dark et_pb_module et_block_module et_pb_text_align_center\"><div class=\"et_pb_text_inner\"><h1>Nos cartons<\/h1>\n<p><strong class=\"ally-lines\">QUELQUES-UNS DE NOS DERNIERS PROJETS<\/strong><\/p>\n<\/div><\/div><div class=\"et_pb_filterable_portfolio_0 et_pb_filterable_portfolio et_pb_bg_layout_dark et_pb_portfolio et_pb_module ally-portfolio\" data-posts-number=\"9\"><div class=\"et_pb_portfolio_filters clearfix\"><ul class=\"clearfix\"><li class=\"et_pb_portfolio_filter et_pb_portfolio_filter_all\"><a href=\"#\" class=\"active\" data-category-slug=\"all\">Tout<\/a><\/li><li class=\"et_pb_portfolio_filter\"><a href=\"#\" data-category-slug=\"categorie-1-fr\">Cat\u00e9gorie 1<\/a><\/li><li class=\"et_pb_portfolio_filter\"><a href=\"#\" data-category-slug=\"categorie-2-fr\">Cat\u00e9gorie 2<\/a><\/li><\/ul><\/div><div class=\"et_pb_portfolio_items_wrapper no_pagination clearfix\"><div class=\"et_pb_portfolio_items et_pb_posts et_grid_module\"><div class=\"et_pb_filterable_portfolio_item_0_0 post-358724 project type-project status-publish has-post-thumbnail hentry project_category-categorie-1-fr et_pb_portfolio_item project_category_categorie-1-fr\" id=\"358724\"><h2 class=\"et_pb_module_header\"><a href=\"https:\/\/hvc.de\/fr\/project\/projet-dechantillon-12-2\/\" title=\"Projet d&rsquo;\u00e9chantillon #12\">Projet d&rsquo;\u00e9chantillon #12<\/a><\/h2><\/div><div class=\"et_pb_filterable_portfolio_item_0_1 post-358721 project type-project status-publish hentry project_category-categorie-2-fr et_pb_portfolio_item project_category_categorie-2-fr\" id=\"358721\"><h2 class=\"et_pb_module_header\"><a href=\"https:\/\/hvc.de\/fr\/project\/projet-dechantillon-11-2\/\" title=\"Projet d&rsquo;\u00e9chantillon #11\">Projet d&rsquo;\u00e9chantillon #11<\/a><\/h2><\/div><div class=\"et_pb_filterable_portfolio_item_0_2 post-358648 project type-project status-publish hentry project_category-categorie-2-fr et_pb_portfolio_item project_category_categorie-2-fr\" id=\"358648\"><h2 class=\"et_pb_module_header\"><a href=\"https:\/\/hvc.de\/fr\/project\/projet-dechantillon-9-2\/\" title=\"Projet d&rsquo;\u00e9chantillon #9\">Projet d&rsquo;\u00e9chantillon #9<\/a><\/h2><\/div><div class=\"et_pb_filterable_portfolio_item_0_3 post-358636 project type-project status-publish hentry project_category-categorie-1-fr et_pb_portfolio_item project_category_categorie-1-fr\" id=\"358636\"><h2 class=\"et_pb_module_header\"><a href=\"https:\/\/hvc.de\/fr\/project\/projet-dechantillon-10-2\/\" title=\"Projet d&rsquo;\u00e9chantillon #10\">Projet d&rsquo;\u00e9chantillon #10<\/a><\/h2><\/div><div class=\"et_pb_filterable_portfolio_item_0_4 post-358630 project type-project status-publish hentry project_category-categorie-2-fr et_pb_portfolio_item project_category_categorie-2-fr\" id=\"358630\"><h2 class=\"et_pb_module_header\"><a href=\"https:\/\/hvc.de\/fr\/project\/projet-dechantillon-6-2\/\" title=\"Projet d&rsquo;\u00e9chantillon #6\">Projet d&rsquo;\u00e9chantillon #6<\/a><\/h2><\/div><div class=\"et_pb_filterable_portfolio_item_0_5 post-358608 project type-project status-publish hentry project_category-categorie-1-fr project_category-categorie-2-fr et_pb_portfolio_item project_category_categorie-1-fr project_category_categorie-2-fr\" id=\"358608\"><h2 class=\"et_pb_module_header\"><a href=\"https:\/\/hvc.de\/fr\/project\/projet-dechantillon-8-2\/\" title=\"Projet d&rsquo;\u00e9chantillon #8\">Projet d&rsquo;\u00e9chantillon #8<\/a><\/h2><\/div><div class=\"et_pb_filterable_portfolio_item_0_6 post-358593 project type-project status-publish hentry project_category-categorie-1-fr et_pb_portfolio_item project_category_categorie-1-fr\" id=\"358593\"><h2 class=\"et_pb_module_header\"><a href=\"https:\/\/hvc.de\/fr\/project\/projet-dechantillon-7-2\/\" title=\"Projet d&rsquo;\u00e9chantillon #7\">Projet d&rsquo;\u00e9chantillon #7<\/a><\/h2><\/div><div class=\"et_pb_filterable_portfolio_item_0_7 post-358558 project type-project status-publish has-post-thumbnail hentry project_category-categorie-1-fr project_category-categorie-2-fr et_pb_portfolio_item project_category_categorie-1-fr project_category_categorie-2-fr\" id=\"358558\"><a href=\"https:\/\/hvc.de\/fr\/project\/projet-dechantillon-4-2\/\" title=\"Projet d&rsquo;\u00e9chantillon #4\"><span class=\"et_portfolio_image\"><img loading=\"lazy\" decoding=\"async\" src=\"https:\/\/hvc.de\/wp-content\/uploads\/2020\/10\/150-jahre-hvc-1-pdf.jpg\" alt=\"Projet d&rsquo;\u00e9chantillon #4\" width=\"400\" height=\"284\" \/><span class=\"et_overlay\" data-icon=\"0\" data-icon-tablet=\"\" data-icon-phone=\"\" data-icon-sticky=\"\"><\/span><\/span><\/a><h2 class=\"et_pb_module_header\"><a href=\"https:\/\/hvc.de\/fr\/project\/projet-dechantillon-4-2\/\" title=\"Projet d&rsquo;\u00e9chantillon #4\">Projet d&rsquo;\u00e9chantillon #4<\/a><\/h2><\/div><div class=\"et_pb_filterable_portfolio_item_0_8 post-358540 project type-project status-publish hentry project_category-categorie-1-fr project_category-categorie-2-fr et_pb_portfolio_item project_category_categorie-1-fr project_category_categorie-2-fr\" id=\"358540\"><h2 class=\"et_pb_module_header\"><a href=\"https:\/\/hvc.de\/fr\/project\/projet-dechantillon-4\/\" title=\"Projet d&rsquo;\u00e9chantillon #4\">Projet d&rsquo;\u00e9chantillon #4<\/a><\/h2><\/div><div class=\"et_pb_filterable_portfolio_item_0_9 post-358510 project type-project status-publish hentry project_category-categorie-1-fr et_pb_portfolio_item project_category_categorie-1-fr\" id=\"358510\"><h2 class=\"et_pb_module_header\"><a href=\"https:\/\/hvc.de\/fr\/project\/projet-dechantillon-5-2\/\" title=\"Projet d&rsquo;\u00e9chantillon #5\">Projet d&rsquo;\u00e9chantillon #5<\/a><\/h2><\/div><div class=\"et_pb_filterable_portfolio_item_0_10 post-358511 project type-project status-publish has-post-thumbnail hentry project_category-categorie-2-fr et_pb_portfolio_item project_category_categorie-2-fr\" id=\"358511\"><a href=\"https:\/\/hvc.de\/fr\/project\/projet-dechantillon-3-2\/\" title=\"Projet d&rsquo;\u00e9chantillon #3\"><span class=\"et_portfolio_image\"><img loading=\"lazy\" decoding=\"async\" src=\"https:\/\/hvc.de\/wp-content\/uploads\/2020\/10\/ksta-150-jahre-hvc.jpg\" alt=\"Projet d&rsquo;\u00e9chantillon #3\" width=\"400\" height=\"284\" \/><span class=\"et_overlay\" data-icon=\"0\" data-icon-tablet=\"\" data-icon-phone=\"\" data-icon-sticky=\"\"><\/span><\/span><\/a><h2 class=\"et_pb_module_header\"><a href=\"https:\/\/hvc.de\/fr\/project\/projet-dechantillon-3-2\/\" title=\"Projet d&rsquo;\u00e9chantillon #3\">Projet d&rsquo;\u00e9chantillon #3<\/a><\/h2><\/div><div class=\"et_pb_filterable_portfolio_item_0_11 post-358496 project type-project status-publish hentry project_category-categorie-1-fr et_pb_portfolio_item project_category_categorie-1-fr\" id=\"358496\"><h2 class=\"et_pb_module_header\"><a href=\"https:\/\/hvc.de\/fr\/project\/projet-dechantillon-12\/\" title=\"Projet d&rsquo;\u00e9chantillon #12\">Projet d&rsquo;\u00e9chantillon #12<\/a><\/h2><\/div><div class=\"et_pb_filterable_portfolio_item_0_12 post-358490 project type-project status-publish hentry project_category-categorie-1-fr project_category-categorie-2-fr et_pb_portfolio_item project_category_categorie-1-fr project_category_categorie-2-fr\" id=\"358490\"><h2 class=\"et_pb_module_header\"><a href=\"https:\/\/hvc.de\/fr\/project\/projet-dechantillon-1-2\/\" title=\"Projet d&rsquo;\u00e9chantillon #1\">Projet d&rsquo;\u00e9chantillon #1<\/a><\/h2><\/div><div class=\"et_pb_filterable_portfolio_item_0_13 post-358474 project type-project status-publish has-post-thumbnail hentry project_category-categorie-1-fr et_pb_portfolio_item project_category_categorie-1-fr\" id=\"358474\"><a href=\"https:\/\/hvc.de\/fr\/project\/projet-dechantillon-2-2\/\" title=\"Projet d&rsquo;\u00e9chantillon #2\"><span class=\"et_portfolio_image\"><img loading=\"lazy\" decoding=\"async\" src=\"https:\/\/hvc.de\/wp-content\/uploads\/2020\/10\/martin-troica-firma-hubert-von-carnap.jpg\" alt=\"Projet d&rsquo;\u00e9chantillon #2\" width=\"400\" height=\"284\" \/><span class=\"et_overlay\" data-icon=\"0\" data-icon-tablet=\"\" data-icon-phone=\"\" data-icon-sticky=\"\"><\/span><\/span><\/a><h2 class=\"et_pb_module_header\"><a href=\"https:\/\/hvc.de\/fr\/project\/projet-dechantillon-2-2\/\" title=\"Projet d&rsquo;\u00e9chantillon #2\">Projet d&rsquo;\u00e9chantillon #2<\/a><\/h2><\/div><div class=\"et_pb_filterable_portfolio_item_0_14 post-358479 project type-project status-publish hentry project_category-categorie-2-fr et_pb_portfolio_item project_category_categorie-2-fr\" id=\"358479\"><h2 class=\"et_pb_module_header\"><a href=\"https:\/\/hvc.de\/fr\/project\/projet-dechantillon-11\/\" title=\"Projet d&rsquo;\u00e9chantillon #11\">Projet d&rsquo;\u00e9chantillon #11<\/a><\/h2><\/div><div class=\"et_pb_filterable_portfolio_item_0_15 post-358457 project type-project status-publish hentry project_category-categorie-1-fr project_category-categorie-2-fr et_pb_portfolio_item project_category_categorie-1-fr project_category_categorie-2-fr\" id=\"358457\"><h2 class=\"et_pb_module_header\"><a href=\"https:\/\/hvc.de\/fr\/project\/projet-dechantillon-1\/\" title=\"Projet d&rsquo;\u00e9chantillon #1\">Projet d&rsquo;\u00e9chantillon #1<\/a><\/h2><\/div><div class=\"et_pb_filterable_portfolio_item_0_16 post-358451 project type-project status-publish hentry project_category-categorie-2-fr et_pb_portfolio_item project_category_categorie-2-fr\" id=\"358451\"><h2 class=\"et_pb_module_header\"><a href=\"https:\/\/hvc.de\/fr\/project\/projet-dechantillon-9\/\" title=\"Projet d&rsquo;\u00e9chantillon #9\">Projet d&rsquo;\u00e9chantillon #9<\/a><\/h2><\/div><div class=\"et_pb_filterable_portfolio_item_0_17 post-358452 project type-project status-publish hentry project_category-categorie-1-fr et_pb_portfolio_item project_category_categorie-1-fr\" id=\"358452\"><h2 class=\"et_pb_module_header\"><a href=\"https:\/\/hvc.de\/fr\/project\/projet-dechantillon-10\/\" title=\"Projet d&rsquo;\u00e9chantillon #10\">Projet d&rsquo;\u00e9chantillon #10<\/a><\/h2><\/div><div class=\"et_pb_filterable_portfolio_item_0_18 post-358445 project type-project status-publish hentry project_category-categorie-2-fr et_pb_portfolio_item project_category_categorie-2-fr\" id=\"358445\"><h2 class=\"et_pb_module_header\"><a href=\"https:\/\/hvc.de\/fr\/project\/projet-dechantillon-6\/\" title=\"Projet d&rsquo;\u00e9chantillon #6\">Projet d&rsquo;\u00e9chantillon #6<\/a><\/h2><\/div><div class=\"et_pb_filterable_portfolio_item_0_19 post-358448 project type-project status-publish hentry project_category-categorie-1-fr project_category-categorie-2-fr et_pb_portfolio_item project_category_categorie-1-fr project_category_categorie-2-fr\" id=\"358448\"><h2 class=\"et_pb_module_header\"><a href=\"https:\/\/hvc.de\/fr\/project\/projet-dechantillon-8\/\" title=\"Projet d&rsquo;\u00e9chantillon #8\">Projet d&rsquo;\u00e9chantillon #8<\/a><\/h2><\/div><div class=\"et_pb_filterable_portfolio_item_0_20 post-358433 project type-project status-publish hentry project_category-categorie-1-fr et_pb_portfolio_item project_category_categorie-1-fr\" id=\"358433\"><h2 class=\"et_pb_module_header\"><a href=\"https:\/\/hvc.de\/fr\/project\/projet-dechantillon-5\/\" title=\"Projet d&rsquo;\u00e9chantillon #5\">Projet d&rsquo;\u00e9chantillon #5<\/a><\/h2><\/div><div class=\"et_pb_filterable_portfolio_item_0_21 post-358424 project type-project status-publish hentry project_category-categorie-1-fr et_pb_portfolio_item project_category_categorie-1-fr\" id=\"358424\"><h2 class=\"et_pb_module_header\"><a href=\"https:\/\/hvc.de\/fr\/project\/projet-dechantillon-2\/\" title=\"Projet d&rsquo;\u00e9chantillon #2\">Projet d&rsquo;\u00e9chantillon #2<\/a><\/h2><\/div><div class=\"et_pb_filterable_portfolio_item_0_22 post-358416 project type-project status-publish hentry project_category-categorie-2-fr et_pb_portfolio_item project_category_categorie-2-fr\" id=\"358416\"><h2 class=\"et_pb_module_header\"><a href=\"https:\/\/hvc.de\/fr\/project\/projet-dechantillon-3\/\" title=\"Projet d&rsquo;\u00e9chantillon #3\">Projet d&rsquo;\u00e9chantillon #3<\/a><\/h2><\/div><div class=\"et_pb_filterable_portfolio_item_0_23 post-358396 project type-project status-publish hentry project_category-categorie-1-fr et_pb_portfolio_item project_category_categorie-1-fr\" id=\"358396\"><h2 class=\"et_pb_module_header\"><a href=\"https:\/\/hvc.de\/fr\/project\/projet-dechantillon-7\/\" title=\"Projet d&rsquo;\u00e9chantillon #7\">Projet d&rsquo;\u00e9chantillon #7<\/a><\/h2><\/div><\/div><\/div><\/div><\/div><\/div><\/div><div class=\"et_pb_section_1 et_pb_section et_section_regular et_block_section preset--module--divi-section--default\"><div class=\"et_pb_row_1 et_pb_row et_block_row\"><div class=\"et_pb_column_1 et_pb_column et_pb_column_4_4 et-last-child et_block_column et_pb_css_mix_blend_mode_passthrough\"><div class=\"et_pb_text_1 et_pb_text et_pb_bg_layout_light et_pb_module et_block_module et_pb_text_align_center\"><div class=\"et_pb_text_inner\"><h2 class=\"ally-lines\">T\u00e9moignages<\/h2>\n<\/div><\/div><\/div><\/div><div class=\"et_pb_row_2 et_pb_row et_block_row\"><div class=\"et_pb_column_2 et_pb_column et_pb_column_1_2 et_block_column et_pb_css_mix_blend_mode_passthrough\"><div class=\"et_pb_testimonial_0 et_pb_testimonial et_pb_bg_layout_light et_pb_module et_block_module ally-testimonial ally-left\"><div class=\"et_pb_testimonial_inner\"><div class=\"et_pb_testimonial_portrait\" style=\"background-image:url(https:\/\/divilover.eu\/ally\/wp-content\/uploads\/2017\/04\/person1.jpg)\"><\/div><div class=\"et_pb_testimonial_description\"><div class=\"et_pb_testimonial_description_inner\"><div class=\"et_pb_testimonial_content\"><p>Praesent sapien massa, convallis a pellentesque nec, egestas non nisi. Cras ultricies ligula sed magna dictum porta. Vivamus magna justo, lacinia eget consectetur sed, convallis at tellus. Cras ultricies ligula sed magna dictum porta.<\/p>\n<\/div><\/div><div class=\"et_pb_testimonial_author\">John Auteur<\/div><div class=\"et_pb_testimonial_meta\"><span class=\"et_pb_testimonial_position\">PDG<\/span><span class=\"et_pb_testimonial_separator\">, <\/span><a href=\"#\" target=\"_self\" class=\"\"><span class=\"et_pb_testimonial_company\">La soci\u00e9t\u00e9 John<\/span><\/a><\/div><\/div><\/div><\/div><\/div><div class=\"et_pb_column_3 et_pb_column et_pb_column_1_2 et-last-child et_block_column et_pb_css_mix_blend_mode_passthrough\"><div class=\"et_pb_testimonial_1 et_pb_testimonial et_pb_bg_layout_light et_pb_module et_block_module ally-testimonial ally-right\"><div class=\"et_pb_testimonial_inner\"><div class=\"et_pb_testimonial_portrait\" style=\"background-image:url(https:\/\/divilover.eu\/ally\/wp-content\/uploads\/2017\/04\/person2.jpg)\"><\/div><div class=\"et_pb_testimonial_description\"><div class=\"et_pb_testimonial_description_inner\"><div class=\"et_pb_testimonial_content\"><p>Praesent sapien massa, convallis a pellentesque nec, egestas non nisi. Cras ultricies ligula sed magna dictum porta. Vivamus magna justo, lacinia eget consectetur sed, convallis at tellus. Cras ultricies ligula sed magna dictum porta.<\/p>\n<\/div><\/div><div class=\"et_pb_testimonial_author\">John Auteur<\/div><div class=\"et_pb_testimonial_meta\"><span class=\"et_pb_testimonial_position\">PDG<\/span><span class=\"et_pb_testimonial_separator\">, <\/span><a href=\"#\" target=\"_self\" class=\"\"><span class=\"et_pb_testimonial_company\">La soci\u00e9t\u00e9 John<\/span><\/a><\/div><\/div><\/div><\/div><\/div><\/div><\/div><div class=\"et_pb_section_2 et_pb_section et_section_regular et_block_section preset--module--divi-section--default\"><div class=\"et_pb_row_3 et_pb_row et_block_row\"><div class=\"et_pb_column_4 et_pb_column et_pb_column_4_4 et-last-child et_block_column et_pb_css_mix_blend_mode_passthrough\"><div class=\"et_pb_text_2 et_pb_text et_pb_bg_layout_light et_pb_module et_block_module et_pb_text_align_center\"><div class=\"et_pb_text_inner\"><h3>\u00cates-vous pr\u00eat \u00e0 commencer ?<\/h3>\n<p><strong class=\"ally-lines\">WE SURE ARE<\/strong><\/p>\n<\/div><\/div><div class=\"et_pb_module et_pb_button_module_wrapper et_pb_button_0_wrapper\"><a class=\"et_pb_button_0 et_pb_button et_pb_bg_layout_light et_pb_module et_block_module\" href=\"#\">Yes, I&amp;apos;m ready<\/a><\/div><\/div><\/div><\/div>","protected":false},"excerpt":{"rendered":"","protected":false},"author":1,"featured_media":0,"parent":0,"menu_order":2,"comment_status":"open","ping_status":"closed","template":"","meta":{"_seopress_robots_primary_cat":"","_seopress_titles_title":"","_seopress_titles_desc":"","_seopress_robots_index":"","inline_featured_image":false,"footnotes":""},"class_list":["post-357723","page","type-page","status-publish","hentry"],"jetpack_sharing_enabled":true,"_links":{"self":[{"href":"https:\/\/hvc.de\/fr\/wp-json\/wp\/v2\/pages\/357723","targetHints":{"allow":["GET"]}}],"collection":[{"href":"https:\/\/hvc.de\/fr\/wp-json\/wp\/v2\/pages"}],"about":[{"href":"https:\/\/hvc.de\/fr\/wp-json\/wp\/v2\/types\/page"}],"author":[{"embeddable":true,"href":"https:\/\/hvc.de\/fr\/wp-json\/wp\/v2\/users\/1"}],"replies":[{"embeddable":true,"href":"https:\/\/hvc.de\/fr\/wp-json\/wp\/v2\/comments?post=357723"}],"version-history":[{"count":3,"href":"https:\/\/hvc.de\/fr\/wp-json\/wp\/v2\/pages\/357723\/revisions"}],"predecessor-version":[{"id":359758,"href":"https:\/\/hvc.de\/fr\/wp-json\/wp\/v2\/pages\/357723\/revisions\/359758"}],"wp:attachment":[{"href":"https:\/\/hvc.de\/fr\/wp-json\/wp\/v2\/media?parent=357723"}],"curies":[{"name":"wp","href":"https:\/\/api.w.org\/{rel}","templated":true}]}}