{"id":358981,"date":"2025-05-11T11:56:22","date_gmt":"2025-05-11T09:56:22","guid":{"rendered":"https:\/\/hvc.de\/bureau-de-signalement\/"},"modified":"2026-03-30T15:04:20","modified_gmt":"2026-03-30T13:04:20","slug":"bureau-de-signalement","status":"publish","type":"page","link":"https:\/\/hvc.de\/fr\/bureau-de-signalement\/","title":{"rendered":"Bureau de signalement"},"content":{"rendered":"\n<div class=\"et_pb_section_0 et_pb_section et_section_regular et_block_section preset--module--divi-section--default\"><div class=\"et_pb_row_0 et_pb_row et_block_row\"><div class=\"et_pb_column_0 et_pb_column et_pb_column_4_4 et-last-child et_block_column et_pb_css_mix_blend_mode_passthrough\"><div class=\"et_pb_text_0 et_pb_text et_pb_bg_layout_light et_pb_module et_block_module\"><div class=\"et_pb_text_inner\"><h1 style=\"text-align: center;\">Syst\u00e8me d'alerte\/centrale d'alerte interne<\/h1>\n<p style=\"text-align: center;\">Bienvenue dans le syst\u00e8me de signalement anonyme de Hubert von Carnap GmbH &amp; Co. KG. Vous avez ici la possibilit\u00e9 d'envoyer des messages anonymes concernant des infractions concr\u00e8tes \u00e0 la loi ou des soup\u00e7ons. Tout contact et toute communication y aff\u00e9rente se font sous forme anonyme. L'\u00e9tablissement d'un lien avec votre personne n'est pas possible et n'est pas non plus pr\u00e9vu. Veuillez \u00e9viter d'indiquer vos donn\u00e9es personnelles dans le message\/l'objet. Veuillez noter vos donn\u00e9es d'acc\u00e8s, qui sont g\u00e9n\u00e9r\u00e9es ou d\u00e9finies dans le cadre de la notification, afin de pouvoir effectuer des compl\u00e9ments et\/ou v\u00e9rifier l'\u00e9tat de traitement.     <\/p>\n<p>&nbsp;<\/p>\n<\/div><\/div><div class=\"et_pb_module et_pb_button_module_wrapper et_pb_button_0_wrapper\"><a class=\"et_pb_button_0 et_pb_button et_pb_bg_layout_light et_pb_module et_block_module\" href=\"https:\/\/hvc.trusty.report\">Cr\u00e9er un message<\/a><\/div><\/div><\/div><\/div>\n","protected":false},"excerpt":{"rendered":"","protected":false},"author":1,"featured_media":0,"parent":0,"menu_order":0,"comment_status":"closed","ping_status":"closed","template":"","meta":{"_seopress_robots_primary_cat":"","_seopress_titles_title":"","_seopress_titles_desc":"","_seopress_robots_index":"","inline_featured_image":false,"footnotes":""},"class_list":["post-358981","page","type-page","status-publish","hentry"],"jetpack_sharing_enabled":true,"_links":{"self":[{"href":"https:\/\/hvc.de\/fr\/wp-json\/wp\/v2\/pages\/358981","targetHints":{"allow":["GET"]}}],"collection":[{"href":"https:\/\/hvc.de\/fr\/wp-json\/wp\/v2\/pages"}],"about":[{"href":"https:\/\/hvc.de\/fr\/wp-json\/wp\/v2\/types\/page"}],"author":[{"embeddable":true,"href":"https:\/\/hvc.de\/fr\/wp-json\/wp\/v2\/users\/1"}],"replies":[{"embeddable":true,"href":"https:\/\/hvc.de\/fr\/wp-json\/wp\/v2\/comments?post=358981"}],"version-history":[{"count":3,"href":"https:\/\/hvc.de\/fr\/wp-json\/wp\/v2\/pages\/358981\/revisions"}],"predecessor-version":[{"id":359760,"href":"https:\/\/hvc.de\/fr\/wp-json\/wp\/v2\/pages\/358981\/revisions\/359760"}],"wp:attachment":[{"href":"https:\/\/hvc.de\/fr\/wp-json\/wp\/v2\/media?parent=358981"}],"curies":[{"name":"wp","href":"https:\/\/api.w.org\/{rel}","templated":true}]}}