{"id":358983,"date":"2025-05-11T11:56:22","date_gmt":"2025-05-11T09:56:22","guid":{"rendered":"https:\/\/hvc.de\/boutique\/"},"modified":"2026-03-30T15:04:21","modified_gmt":"2026-03-30T13:04:21","slug":"boutique","status":"publish","type":"page","link":"https:\/\/hvc.de\/fr\/boutique\/","title":{"rendered":"Boutique"},"content":{"rendered":"\n<div class=\"et_pb_section_0 et_pb_section et_section_regular et_block_section preset--module--divi-section--default\"><\/div><div class=\"et_pb_section_1 et_pb_section et_section_regular et_block_section preset--module--divi-section--default\"><div class=\"et_pb_row_0 et_pb_row et_block_row\"><div class=\"et_pb_column_0 et_pb_column et_pb_column_4_4 et-last-child et_block_column et_pb_css_mix_blend_mode_passthrough\"><div class=\"et_pb_text_0 et_pb_text et_pb_bg_layout_light et_pb_module et_block_module\"><div class=\"et_pb_text_inner\"><h1 style=\"text-align: center;\">SHOP<\/h1>\n<p style=\"text-align: center;\">Bienvenue dans la boutique d'emballages de Hubert von Carnap. Vous trouverez ici diff\u00e9rentes bo\u00eetes pliantes de diff\u00e9rentes tailles.   <\/p>\n<\/div><\/div><div class=\"et_pb_shop_0 et_pb_shop et_pb_shop_grid et_pb_module\" data-shortcode_index=\"0\"><div class=\"woocommerce columns-4 \"><ul class=\"products columns-4\">\n<li class=\"product type-product post-358640 status-publish first instock product_cat-emballages-pour-vis has-post-thumbnail taxable shipping-taxable purchasable product-type-variable\">\n\t<a href=\"https:\/\/hvc.de\/fr\/produkte\/emballage-a-vis-86x60x40\/\" class=\"woocommerce-LoopProduct-link woocommerce-loop-product__link\"><span class=\"et_shop_image\"><img loading=\"lazy\" decoding=\"async\" width=\"350\" height=\"350\" src=\"https:\/\/hvc.de\/wp-content\/uploads\/2023\/02\/Schraubenverpackung86x60x40-1-min-1-350x350.jpg\" class=\"attachment-woocommerce_thumbnail size-woocommerce_thumbnail\" alt=\"Schraubenverpackung\" \/><span class=\"et_overlay\"><\/span><\/span><h2 class=\"woocommerce-loop-product__title\">Emballage \u00e0 vis 86x60x40<\/h2>\n\t<span class=\"price\"><span class=\"woocommerce-Price-amount amount\"><bdi>30,00&nbsp;<span class=\"woocommerce-Price-currencySymbol\">&euro;<\/span><\/bdi><\/span> &ndash; <span class=\"woocommerce-Price-amount amount\"><bdi>200,00&nbsp;<span class=\"woocommerce-Price-currencySymbol\">&euro;<\/span><\/bdi><\/span><\/span>\n\n\n\n<\/a>\n\t<p class=\"wc-gzd-additional-info wc-gzd-additional-info-loop tax-info\">incl. VAT<\/p>\n\n\t<p class=\"wc-gzd-additional-info wc-gzd-additional-info-loop shipping-costs-info\">zzgl. <a href=\"https:\/\/hvc.de\/fr\/expedition\/\" target=\"_blank\">Versandkosten<\/a><\/p>\n\n\t<p class=\"wc-gzd-additional-info delivery-time-info wc-gzd-additional-info-loop\"><span class=\"delivery-time-inner delivery-time-2-4-jours-ouvrables\">Lieferzeit: <span class=\"delivery-time-data\">2-4 jours ouvrables<\/span><\/span><\/p>\n\n<\/li>\n<li class=\"product type-product post-358652 status-publish instock product_cat-emballages-pour-vis has-post-thumbnail taxable shipping-taxable purchasable product-type-variable\">\n\t<a href=\"https:\/\/hvc.de\/fr\/produkte\/emballage-pour-vis-165x86x75mm\/\" class=\"woocommerce-LoopProduct-link woocommerce-loop-product__link\"><span class=\"et_shop_image\"><img loading=\"lazy\" decoding=\"async\" width=\"350\" height=\"350\" src=\"https:\/\/hvc.de\/wp-content\/uploads\/2023\/02\/Schraubenverpackung165x86x75-2-min-350x350.jpg\" class=\"attachment-woocommerce_thumbnail size-woocommerce_thumbnail\" alt=\"Emballage pour vis 165x86x75mm\" \/><span class=\"et_overlay\"><\/span><\/span><h2 class=\"woocommerce-loop-product__title\">Emballage pour vis 165x86x75mm<\/h2>\n\t<span class=\"price\"><span class=\"woocommerce-Price-amount amount\"><bdi>65,00&nbsp;<span class=\"woocommerce-Price-currencySymbol\">&euro;<\/span><\/bdi><\/span> &ndash; <span class=\"woocommerce-Price-amount amount\"><bdi>375,00&nbsp;<span class=\"woocommerce-Price-currencySymbol\">&euro;<\/span><\/bdi><\/span><\/span>\n\n\n\n<\/a>\n\t<p class=\"wc-gzd-additional-info wc-gzd-additional-info-loop tax-info\">incl. VAT<\/p>\n\n\t<p class=\"wc-gzd-additional-info wc-gzd-additional-info-loop shipping-costs-info\">zzgl. <a href=\"https:\/\/hvc.de\/fr\/expedition\/\" target=\"_blank\">Versandkosten<\/a><\/p>\n\n\t<p class=\"wc-gzd-additional-info delivery-time-info wc-gzd-additional-info-loop\"><span class=\"delivery-time-inner delivery-time-2-4-jours-ouvrables\">Lieferzeit: <span class=\"delivery-time-data\">2-4 jours ouvrables<\/span><\/span><\/p>\n\n<\/li>\n<\/ul>\n<\/div><\/div><\/div><\/div><\/div>\n","protected":false},"excerpt":{"rendered":"","protected":false},"author":1,"featured_media":0,"parent":0,"menu_order":0,"comment_status":"closed","ping_status":"closed","template":"","meta":{"_seopress_robots_primary_cat":"","_seopress_titles_title":"Boutique pour les emballages. Bo\u00eetes pliantes, emballages pour vis et plus encore. ","_seopress_titles_desc":"Boutique d'emballages. Emballages pour vis, rangement, petites pi\u00e8ces ","_seopress_robots_index":"","inline_featured_image":false,"footnotes":""},"class_list":["post-358983","page","type-page","status-publish","hentry"],"jetpack_sharing_enabled":true,"_links":{"self":[{"href":"https:\/\/hvc.de\/fr\/wp-json\/wp\/v2\/pages\/358983","targetHints":{"allow":["GET"]}}],"collection":[{"href":"https:\/\/hvc.de\/fr\/wp-json\/wp\/v2\/pages"}],"about":[{"href":"https:\/\/hvc.de\/fr\/wp-json\/wp\/v2\/types\/page"}],"author":[{"embeddable":true,"href":"https:\/\/hvc.de\/fr\/wp-json\/wp\/v2\/users\/1"}],"replies":[{"embeddable":true,"href":"https:\/\/hvc.de\/fr\/wp-json\/wp\/v2\/comments?post=358983"}],"version-history":[{"count":4,"href":"https:\/\/hvc.de\/fr\/wp-json\/wp\/v2\/pages\/358983\/revisions"}],"predecessor-version":[{"id":359761,"href":"https:\/\/hvc.de\/fr\/wp-json\/wp\/v2\/pages\/358983\/revisions\/359761"}],"wp:attachment":[{"href":"https:\/\/hvc.de\/fr\/wp-json\/wp\/v2\/media?parent=358983"}],"curies":[{"name":"wp","href":"https:\/\/api.w.org\/{rel}","templated":true}]}}