{"id":358996,"date":"2025-05-11T11:56:25","date_gmt":"2025-05-11T09:56:25","guid":{"rendered":"https:\/\/hvc.de\/expedition\/"},"modified":"2025-05-11T11:56:25","modified_gmt":"2025-05-11T09:56:25","slug":"expedition","status":"publish","type":"page","link":"https:\/\/hvc.de\/fr\/expedition\/","title":{"rendered":"Exp\u00e9dition"},"content":{"rendered":"<p>Les articles propos\u00e9s dans notre boutique sont envoy\u00e9s par colis postal via DHL, DPD ou UPS. Apr\u00e8s l&rsquo;envoi, vous recevrez un num\u00e9ro de suivi de notre part afin de pouvoir suivre votre colis.<br \/>\nLes frais d&rsquo;envoi sont calcul\u00e9s automatiquement dans la boutique et d\u00e9pendent de la quantit\u00e9 et du poids. <\/p>\n<p>Nous exp\u00e9dions dans les pays suivants :<br \/>\nAllemagne, Belgique, Croatie, Danemark, Espagne, Finlande, France, Gr\u00e8ce, Hongrie, Irlande, Italie, Luxembourg, Pays-Bas, Pologne, Portugal, R\u00e9publique tch\u00e8que, Su\u00e8de, Autriche<\/p>\n","protected":false},"excerpt":{"rendered":"<p>Les articles propos\u00e9s dans notre boutique sont envoy\u00e9s par colis postal via DHL, DPD ou UPS. Apr\u00e8s l&rsquo;envoi, vous recevrez un num\u00e9ro de suivi de notre part afin de pouvoir suivre votre colis. Les frais d&rsquo;envoi sont calcul\u00e9s automatiquement dans la boutique et d\u00e9pendent de la quantit\u00e9 et du poids. Nous exp\u00e9dions dans les pays [&hellip;]<\/p>\n","protected":false},"author":1,"featured_media":0,"parent":0,"menu_order":0,"comment_status":"closed","ping_status":"closed","template":"","meta":{"_seopress_robots_primary_cat":"","_seopress_titles_title":"","_seopress_titles_desc":"","_seopress_robots_index":"","inline_featured_image":false,"footnotes":""},"class_list":["post-358996","page","type-page","status-publish","hentry"],"jetpack_sharing_enabled":true,"_links":{"self":[{"href":"https:\/\/hvc.de\/fr\/wp-json\/wp\/v2\/pages\/358996","targetHints":{"allow":["GET"]}}],"collection":[{"href":"https:\/\/hvc.de\/fr\/wp-json\/wp\/v2\/pages"}],"about":[{"href":"https:\/\/hvc.de\/fr\/wp-json\/wp\/v2\/types\/page"}],"author":[{"embeddable":true,"href":"https:\/\/hvc.de\/fr\/wp-json\/wp\/v2\/users\/1"}],"replies":[{"embeddable":true,"href":"https:\/\/hvc.de\/fr\/wp-json\/wp\/v2\/comments?post=358996"}],"version-history":[{"count":0,"href":"https:\/\/hvc.de\/fr\/wp-json\/wp\/v2\/pages\/358996\/revisions"}],"wp:attachment":[{"href":"https:\/\/hvc.de\/fr\/wp-json\/wp\/v2\/media?parent=358996"}],"curies":[{"name":"wp","href":"https:\/\/api.w.org\/{rel}","templated":true}]}}