{"id":359006,"date":"2025-05-11T11:56:26","date_gmt":"2025-05-11T09:56:26","guid":{"rendered":"https:\/\/hvc.de\/fournisseurs\/"},"modified":"2026-03-30T15:04:25","modified_gmt":"2026-03-30T13:04:25","slug":"fournisseurs","status":"publish","type":"page","link":"https:\/\/hvc.de\/fr\/fournisseurs\/","title":{"rendered":"Fournisseurs"},"content":{"rendered":"\n<div class=\"et_pb_section_0 et_pb_section et_section_regular et_block_section preset--module--divi-section--default\"><div class=\"et_pb_row_0 et_pb_row et_block_row\"><div class=\"et_pb_column_0 et_pb_column et_pb_column_4_4 et-last-child et_block_column et_pb_css_mix_blend_mode_passthrough\"><div class=\"et_pb_text_0 et_pb_text et_pb_bg_layout_light et_pb_module et_block_module\"><div class=\"et_pb_text_inner\"><div class=\"section\">\n<div class=\"layoutArea\">\n<div class=\"column\">\n<h2 style=\"text-align: center;\"><span style=\"font-size: xx-large;\"><strong>Livraison et r\u00e9ception des marchandises<\/strong><\/span><\/h2>\n<p><strong>Aviser les livraisons de marchandises<\/strong><\/p>\n<\/div>\n<\/div>\n<div class=\"layoutArea\">\n<p>Les livraisons de marchandises des fournisseurs doivent en principe \u00eatre annonc\u00e9es par avis. La r\u00e9ception de l'avis par e-mail doit avoir lieu au moins un jour avant la livraison des marchandises. <\/p>\n<p>L'avis doit contenir les donn\u00e9es du bon de livraison original avec le num\u00e9ro de commande, le num\u00e9ro de pi\u00e8ce, la quantit\u00e9 livr\u00e9e, la date et l'heure de livraison.<\/p>\n<p>&nbsp;<\/p>\n<div class=\"column\">\n<p><strong>L'importance logistique de l'avis pour Hubert von Carnap<\/strong><\/p>\n<p>Pour une adaptation optimale des capacit\u00e9s de la r\u00e9ception des marchandises HvC aux entr\u00e9es de marchandises par jour, un avis pr\u00e9alable de livraison des marchandises par le fournisseur est n\u00e9cessaire.<br \/>L'avis de livraison des marchandises est un \u00e9l\u00e9ment n\u00e9cessaire du flux d'informations pour une gestion optimale du flux de mat\u00e9riel interne \u00e0 l'entreprise et pour l'ordonnancement des processus de production.<\/p>\n<p><strong>Temps d'attente du transporteur en raison de l'absence d'avis de passage<\/strong><\/p>\n<p>A la r\u00e9ception des marchandises, les livraisons qui ont \u00e9t\u00e9 annonc\u00e9es par avis sont trait\u00e9es en priorit\u00e9 pour le d\u00e9chargement. Cela peut entra\u00eener des temps d'attente plus longs pour les livraisons de marchandises non annonc\u00e9es. Les fournisseurs doivent \u00eatre inform\u00e9s par \u00e9crit de la gestion du d\u00e9roulement de la r\u00e9ception des marchandises de HvC. Il en r\u00e9sulte, en d\u00e9rogation \u00e0 l'article 421, paragraphe 1, premi\u00e8re phrase et paragraphe 3 du Code de commerce allemand, que le fournisseur est lui-m\u00eame responsable des temps d'attente du transporteur dus \u00e0 l'absence d'avis. Les demandes d'indemnisation pour les temps d'attente sont donc \u00e0 la charge du fournisseur.      <\/p>\n<p><strong>R\u00e9ception des marchandises<\/strong><\/p>\n<p>Chez HvC, le d\u00e9chargement des v\u00e9hicules s'effectue par chariot \u00e9l\u00e9vateur. Les v\u00e9hicules livr\u00e9s doivent pouvoir \u00eatre d\u00e9charg\u00e9s par le c\u00f4t\u00e9.<br \/>Les marchandises livr\u00e9es doivent \u00eatre identifiables au moyen du bon de livraison.<br \/>Pendant le d\u00e9chargement, un contr\u00f4le visuel sommaire est effectu\u00e9 pour v\u00e9rifier l'absence de dommages et de quantit\u00e9s manquantes.<br \/>Pour les livraisons de retour, les v\u00e9hicules doivent \u00eatre \u00e9quip\u00e9s de moyens de s\u00e9curisation suffisants.<br \/>Pour des raisons de temps, un contr\u00f4le de qualit\u00e9 d\u00e9taill\u00e9 est effectu\u00e9 par le contr\u00f4le WE apr\u00e8s le d\u00e9douanement des v\u00e9hicules. <\/p>\n<p><strong>R\u00e9ception des marchandises Contact<\/strong><\/p>\n<p>T\u00e9l. +49 2292 9313 23<\/p>\n<p><strong>Heures de r\u00e9ception des marchandises<\/strong><\/p>\n<p>Lundi - vendredi 06:00 - 13:00 et sur rendez-vous<\/p>\n<\/div>\n<\/div>\n<\/div>\n<\/div><\/div><\/div><\/div><\/div>\n","protected":false},"excerpt":{"rendered":"","protected":false},"author":1,"featured_media":0,"parent":0,"menu_order":0,"comment_status":"closed","ping_status":"closed","template":"","meta":{"_seopress_robots_primary_cat":"","_seopress_titles_title":"","_seopress_titles_desc":"","_seopress_robots_index":"","inline_featured_image":false,"footnotes":""},"class_list":["post-359006","page","type-page","status-publish","hentry"],"jetpack_sharing_enabled":true,"_links":{"self":[{"href":"https:\/\/hvc.de\/fr\/wp-json\/wp\/v2\/pages\/359006","targetHints":{"allow":["GET"]}}],"collection":[{"href":"https:\/\/hvc.de\/fr\/wp-json\/wp\/v2\/pages"}],"about":[{"href":"https:\/\/hvc.de\/fr\/wp-json\/wp\/v2\/types\/page"}],"author":[{"embeddable":true,"href":"https:\/\/hvc.de\/fr\/wp-json\/wp\/v2\/users\/1"}],"replies":[{"embeddable":true,"href":"https:\/\/hvc.de\/fr\/wp-json\/wp\/v2\/comments?post=359006"}],"version-history":[{"count":3,"href":"https:\/\/hvc.de\/fr\/wp-json\/wp\/v2\/pages\/359006\/revisions"}],"predecessor-version":[{"id":359765,"href":"https:\/\/hvc.de\/fr\/wp-json\/wp\/v2\/pages\/359006\/revisions\/359765"}],"wp:attachment":[{"href":"https:\/\/hvc.de\/fr\/wp-json\/wp\/v2\/media?parent=359006"}],"curies":[{"name":"wp","href":"https:\/\/api.w.org\/{rel}","templated":true}]}}