{"id":359070,"date":"2025-05-11T11:56:46","date_gmt":"2025-05-11T09:56:46","guid":{"rendered":"https:\/\/hvc.de\/emballages-pharmaceutiques\/"},"modified":"2026-03-30T15:04:36","modified_gmt":"2026-03-30T13:04:36","slug":"emballages-pharmaceutiques","status":"publish","type":"page","link":"https:\/\/hvc.de\/fr\/emballages-pharmaceutiques\/","title":{"rendered":"Emballages pharmaceutiques"},"content":{"rendered":"<div class=\"et_pb_section_0 et_pb_section et_section_regular et_block_section preset--module--divi-section--default\"><div class=\"et_pb_row_0 et_pb_row et_block_row\"><div class=\"et_pb_column_0 et_pb_column et_pb_column_4_4 et-last-child et_block_column et_pb_css_mix_blend_mode_passthrough\"><div class=\"et_pb_cta_0 et_pb_promo et_pb_bg_layout_light et_animated et_pb_module et_block_module\"><div class=\"et_pb_promo_description\"><h1 class=\"et_pb_module_header\">Les emballages pharmaceutiques, un d\u00e9fi particulier<\/h1><div class=\"et_pb_promo_content\"><p><span>La fabrication de bo\u00eetes pliantes pour l'industrie pharmaceutique est l'un des d\u00e9fis les plus exigeants du secteur de l'emballage, notamment parce que la loi sur les m\u00e9dicaments doit \u00eatre scrupuleusement respect\u00e9e.<\/span><\/p>\n<\/div><\/div><\/div><\/div><\/div><div class=\"et_pb_row_1 et_pb_row et_pb_gutters1 et_block_row et_pb_row_fullwidth\"><div class=\"et_pb_column_1 et_pb_column et_pb_column_1_2 et_block_column et_pb_css_mix_blend_mode_passthrough\"><div class=\"et_pb_text_0 et_pb_text et_pb_bg_layout_light et_pb_module et_block_module\"><div class=\"et_pb_text_inner\"><h3><span style=\"color: #ffffff;\">Le carton compact, le mat\u00e9riau id\u00e9al<\/span><\/h3>\n<p style=\"text-align: justify;\"><span style=\"color: #ffffff;\">Un emballage pharmaceutique ou de m\u00e9dicaments n'est plus depuis longtemps une simple bo\u00eete pliante, mais doit plut\u00f4t r\u00e9pondre \u00e0 des exigences \u00e9lev\u00e9es en mati\u00e8re de s\u00e9curit\u00e9 et de manipulation. Le carton est le mat\u00e9riau d'emballage id\u00e9al pour les m\u00e9dicaments : <strong>l\u00e9ger, il conserve le contenu \u00e0 l'abri de la lumi\u00e8re et pr\u00e9sente de loin les meilleures valeurs environnementales. De plus, l'emballage est conforme \u00e0 la loi sur les m\u00e9dicaments<\/strong>.   <\/span><\/p>\n<\/div><\/div><\/div><div class=\"et_pb_column_2 et_pb_column et_pb_column_1_2 et-last-child et_block_column et_pb_column_empty et_pb_css_mix_blend_mode_passthrough\"><\/div><\/div><\/div><div class=\"et_pb_section_1 et_pb_section et_section_regular et_block_section preset--module--divi-section--default\"><div class=\"et_pb_row_2 et_pb_row et_pb_gutters1 et_block_row et_pb_row_fullwidth\"><div class=\"et_pb_column_3 et_pb_column et_pb_column_1_2 et_block_column et_pb_css_mix_blend_mode_passthrough\"><div class=\"et_pb_divider_0 et_pb_divider_hidden et_pb_space et_pb_divider_position_top et_pb_module\"><div class=\"et_pb_divider_internal\"><\/div><\/div><\/div><div class=\"et_pb_column_4 et_pb_column et_pb_column_1_2 et-last-child et_block_column et_pb_css_mix_blend_mode_passthrough\"><div class=\"et_pb_text_1 et_pb_text et_pb_bg_layout_dark et_pb_module et_block_module\"><div class=\"et_pb_text_inner\"><h3>S\u00e9curit\u00e9 contre la contrefa\u00e7on &amp; convivialit\u00e9 pour les seniors<\/h3>\n<p style=\"text-align: justify;\"><a href=\"https:\/\/www.hvc.de\/de\/kartonagen\/lebensmittelverpackungen\/steigen-trays\/\"><span>Le piratage des produits est un sujet de pr\u00e9occupation pour le commerce et les consommateurs, en particulier dans l'industrie pharmaceutique, qui conna\u00eet un d\u00e9veloppement intensif. Le patient doit \u00eatre s\u00fbr de prendre la pr\u00e9paration originale qui lui a \u00e9t\u00e9 prescrite.   <\/span><strong>Cette s\u00e9curit\u00e9 est offerte par les emballages pharmaceutiques ou les emballages de m\u00e9dicaments qui permettent d'identifier clairement les marques originales.<\/strong><span>, <\/span><span>Le carton compact est id\u00e9al \u00e0 cet \u00e9gard. <\/span> <\/a><\/p>\n<\/div><\/div><\/div><\/div><div class=\"et_pb_row_3 et_pb_row et_pb_gutters1 et_block_row et_pb_row_fullwidth\"><div class=\"et_pb_column_5 et_pb_column et_pb_column_1_2 et_block_column et_pb_column_empty et_pb_css_mix_blend_mode_passthrough\"><\/div><div class=\"et_pb_column_6 et_pb_column et_pb_column_1_2 et-last-child et_block_column et_pb_css_mix_blend_mode_passthrough\"><div class=\"et_pb_text_2 et_pb_text et_pb_bg_layout_dark et_pb_module et_block_module\"><div class=\"et_pb_text_inner\"><h3>La s\u00e9curit\u00e9 des enfants avant tout<\/h3>\n<p style=\"text-align: justify;\">En coop\u00e9ration avec l'industrie de l'emballage, les entreprises pharmaceutiques d\u00e9veloppent depuis quelques ann\u00e9es des emballages de m\u00e9dicaments dot\u00e9s de m\u00e9canismes d'ouverture complexes - qui ne s'ouvrent par exemple que si l'on appuie simultan\u00e9ment sur deux points bleu fonc\u00e9 - une t\u00e2che insurmontable pour les enfants.<\/p>\n<\/div><\/div><\/div><\/div><\/div><div class=\"et_pb_section_2 et_pb_section et_section_regular et_block_section preset--module--divi-section--default\"><div class=\"et_pb_row_4 et_pb_row et_pb_row_1-4_1-4_1-2 et_pb_gutters2 et_block_row et_block_row_1-4_1-4_1-2\"><div class=\"et_pb_column_7 et_pb_column et_pb_column_1_4 et_block_column et_pb_css_mix_blend_mode_passthrough\"><div class=\"et_pb_blurb_0 et_pb_blurb et_pb_bg_layout_dark et_pb_text_align_center et_pb_blurb_position_top et_pb_module et_block_module\"><div class=\"et_pb_blurb_content\"><div class=\"et_pb_main_blurb_image\"><span class=\"et_pb_image_wrap\"><span class=\"et-pb-icon\">\ue007<\/span><\/span><\/div><div class=\"et_pb_blurb_container\"><h4 class=\"et_pb_module_header\">Conception<\/h4><div class=\"et_pb_blurb_description\"><p>Nous accompagnons votre projet dans son int\u00e9gralit\u00e9. Des voies de communication courtes et des processus coordonn\u00e9s. <\/p>\n<\/div><\/div><\/div><\/div><div class=\"et_pb_blurb_1 et_pb_blurb et_pb_bg_layout_dark et_pb_text_align_center et_pb_blurb_position_top et_pb_module et_block_module\"><div class=\"et_pb_blurb_content\"><div class=\"et_pb_main_blurb_image\"><span class=\"et_pb_image_wrap\"><span class=\"et-pb-icon\">l<\/span><\/span><\/div><div class=\"et_pb_blurb_container\"><h4 class=\"et_pb_module_header\">\u00c9chantillonnage<\/h4><div class=\"et_pb_blurb_description\"><p><span style=\"color: rgba(255, 255, 255, 0.61);\">Conception et cr\u00e9ation d'\u00e9chantillons en interne.<\/span><\/p>\n<\/div><\/div><\/div><\/div><\/div><div class=\"et_pb_column_8 et_pb_column et_pb_column_1_4 et_block_column et_pb_css_mix_blend_mode_passthrough\"><div class=\"et_pb_blurb_2 et_pb_blurb et_pb_bg_layout_dark et_pb_text_align_center et_pb_blurb_position_top et_pb_module et_block_module\"><div class=\"et_pb_blurb_content\"><div class=\"et_pb_main_blurb_image\"><span class=\"et_pb_image_wrap\"><span class=\"et-pb-icon\">\ue037<\/span><\/span><\/div><div class=\"et_pb_blurb_container\"><h4 class=\"et_pb_module_header\">Production<\/h4><div class=\"et_pb_blurb_description\"><p><span style=\"font-size: medium;\">Les possibilit\u00e9s d'am\u00e9lioration pendant la production sont imm\u00e9diatement mises en \u0153uvre \u00e0 votre avantage.<\/span><\/p>\n<\/div><\/div><\/div><\/div><\/div><div class=\"et_pb_column_9 et_pb_column et_pb_column_1_2 et-last-child et_block_column et_pb_css_mix_blend_mode_passthrough\"><div class=\"et_pb_text_3 et_pb_text et_pb_bg_layout_light et_pb_module et_block_module\"><div class=\"et_pb_text_inner\"><h2><span style=\"color: #ffffff;\">D\u00e9veloppement, design et production d'une seule source<\/span><\/h2>\n<\/div><\/div><\/div><\/div><\/div>","protected":false},"excerpt":{"rendered":"","protected":false},"author":1,"featured_media":0,"parent":0,"menu_order":0,"comment_status":"closed","ping_status":"closed","template":"","meta":{"_seopress_robots_primary_cat":"","_seopress_titles_title":"%%post_title%% %%sep%% %%sitetitle%%","_seopress_titles_desc":"%%post_excerpt%%","_seopress_robots_index":"","inline_featured_image":false,"footnotes":""},"class_list":["post-359070","page","type-page","status-publish","hentry"],"jetpack_sharing_enabled":true,"_links":{"self":[{"href":"https:\/\/hvc.de\/fr\/wp-json\/wp\/v2\/pages\/359070","targetHints":{"allow":["GET"]}}],"collection":[{"href":"https:\/\/hvc.de\/fr\/wp-json\/wp\/v2\/pages"}],"about":[{"href":"https:\/\/hvc.de\/fr\/wp-json\/wp\/v2\/types\/page"}],"author":[{"embeddable":true,"href":"https:\/\/hvc.de\/fr\/wp-json\/wp\/v2\/users\/1"}],"replies":[{"embeddable":true,"href":"https:\/\/hvc.de\/fr\/wp-json\/wp\/v2\/comments?post=359070"}],"version-history":[{"count":3,"href":"https:\/\/hvc.de\/fr\/wp-json\/wp\/v2\/pages\/359070\/revisions"}],"predecessor-version":[{"id":359774,"href":"https:\/\/hvc.de\/fr\/wp-json\/wp\/v2\/pages\/359070\/revisions\/359774"}],"wp:attachment":[{"href":"https:\/\/hvc.de\/fr\/wp-json\/wp\/v2\/media?parent=359070"}],"curies":[{"name":"wp","href":"https:\/\/api.w.org\/{rel}","templated":true}]}}