{"id":359107,"date":"2025-05-11T11:56:59","date_gmt":"2025-05-11T09:56:59","guid":{"rendered":"https:\/\/hvc.de\/contact\/demande\/"},"modified":"2026-03-30T15:04:45","modified_gmt":"2026-03-30T13:04:45","slug":"demande","status":"publish","type":"page","link":"https:\/\/hvc.de\/fr\/contact\/demande\/","title":{"rendered":"Demande"},"content":{"rendered":"\n<div class=\"et_pb_section_0 et_pb_section et_pb_fullwidth_section et_section_regular et_block_section\"><section class=\"et_pb_fullwidth_header_0 et_pb_fullwidth_header et_pb_bg_layout_dark et_pb_text_align_center et_pb_module et_flex_module\"><div class=\"et_pb_fullwidth_header_container center\"><div class=\"header-content-container center\"><div class=\"header-content et_flex_module\"><h1 class=\"et_pb_module_header\">Nous sommes impatients d&apos;avoir de vos nouvelles<\/h1><div class=\"et_pb_header_button_wrapper\"><\/div><\/div><\/div><\/div><div class=\"et_pb_fullwidth_header_overlay\"><\/div><div class=\"et_pb_fullwidth_header_scroll\"><\/div><\/section><\/div><div class=\"et_pb_section_1 et_pb_section et_section_regular et_block_section et-pb-has-background-video et_pb_preload preset--module--divi-section--default\"><span class=\"et-pb-background-video\"><video autoplay loop playsinline muted><source type=\"video\/mp4\" src=\"https:\/\/www.hvc.de\/de\/wp-content\/uploads\/2022\/10\/Klebemschine03-3sek-2.mp4\" \/><\/video><\/span><div class=\"et_pb_row_0 et_pb_row et_block_row\"><div class=\"et_pb_column_0 et_pb_column et_pb_column_1_2 et_block_column et_pb_css_mix_blend_mode_passthrough\"><div class=\"et_pb_text_0 et_pb_text et_pb_bg_layout_dark et_pb_module et_block_module ally-left\"><\/div><div class=\"et_pb_text_1 et_pb_text et_pb_bg_layout_dark et_pb_module et_block_module ally-left\"><\/div><div class=\"et_pb_blurb_0 et_pb_blurb et_pb_bg_layout_dark et_pb_blurb_position_left et_pb_module et_block_module ally-blurb4 ally-left\"><div class=\"et_pb_blurb_content\"><div class=\"et_pb_main_blurb_image\"><span class=\"et_pb_image_wrap\"><span class=\"et-pb-icon\">\ue081<\/span><\/span><\/div><div class=\"et_pb_blurb_container\"><div class=\"et_pb_blurb_description\"><p>Hubert von Carnap GmbH &amp; Co. KG<br \/>\nPreschlin-Allee 30-32<br \/>\nD-51570 Windeck<\/p>\n<\/div><\/div><\/div><\/div><div class=\"et_pb_blurb_1 et_pb_blurb et_pb_bg_layout_dark et_pb_blurb_position_left et_pb_module et_block_module ally-blurb4 ally-left\"><div class=\"et_pb_blurb_content\"><div class=\"et_pb_main_blurb_image\"><span class=\"et_pb_image_wrap\"><span class=\"et-pb-icon\">\ue090<\/span><\/span><\/div><div class=\"et_pb_blurb_container\"><div class=\"et_pb_blurb_description\"><p>+49 2292 9313 0<\/p>\n<\/div><\/div><\/div><\/div><div class=\"et_pb_blurb_2 et_pb_blurb et_pb_bg_layout_dark et_pb_blurb_position_left et_pb_module et_block_module ally-blurb4 ally-left\"><div class=\"et_pb_blurb_content\"><div class=\"et_pb_main_blurb_image\"><span class=\"et_pb_image_wrap\"><span class=\"et-pb-icon\">\ue0fa<\/span><\/span><\/div><div class=\"et_pb_blurb_container\"><div class=\"et_pb_blurb_description\"><p>+49 2292 9313 33<\/p>\n<\/div><\/div><\/div><\/div><div class=\"et_pb_blurb_3 et_pb_blurb et_pb_bg_layout_dark et_pb_blurb_position_left et_pb_module et_block_module ally-blurb4 ally-left\"><div class=\"et_pb_blurb_content\"><div class=\"et_pb_main_blurb_image\"><span class=\"et_pb_image_wrap\"><span class=\"et-pb-icon\">\ue076<\/span><\/span><\/div><div class=\"et_pb_blurb_container\"><div class=\"et_pb_blurb_description\"><p><a href=\"mailto:hello@divilover.com\">info@hvc.de<\/a><\/p>\n<\/div><\/div><\/div><\/div><\/div><div class=\"et_pb_column_1 et_pb_column et_pb_column_1_2 et-last-child et_block_column et_pb_css_mix_blend_mode_passthrough\"><div class=\"et_pb_text_2 et_pb_text et_pb_bg_layout_dark et_pb_module et_block_module ally-right\"><\/div><div class=\"et_pb_contact_form_0 et_pb_contact_form_container clearfix et_pb_module et_flex_module ally-contact-form ally-right\" data-form_unique_num=\"0\" data-form_unique_id=\"4014b77a-68ce-47af-b477-6f79d04ab61d\" id=\"et_pb_contact_form_4014b77a-68ce-47af-b477-6f79d04ab61d\"><div class=\"et-pb-contact-message\"><\/div><div class=\"et_pb_contact\"><form class=\"et_pb_contact_form et_flex_module\" method=\"post\" action=\"https:\/\/hvc.de\/fr\/wp-json\/wp\/v2\/pages\/359107\"><div class=\"et_pb_contact_field_0 et_pb_contact_field et_pb_module et_flex_module et_flex_column_24_24 et_flex_column_24_24_tablet et_flex_column_24_24_phone\" data-id=\"name\" data-type=\"input\"><label class=\"et_pb_contact_form_label\" for=\"et_pb_contact_0_name_0\">Votre nom<\/label><input type=\"text\" name=\"et_pb_contact_0_name_0\" id=\"et_pb_contact_0_name_0\" class=\"input\" data-required_mark=\"required\" data-field_type=\"input\" data-original_id=\"name\" placeholder=\"Votre nom\" title=\"\" value=\"\" \/><\/div><div class=\"et_pb_contact_field_1 et_pb_contact_field et_pb_module et_flex_module et_flex_column_24_24 et_flex_column_24_24_tablet et_flex_column_24_24_phone\" data-id=\"email\" data-type=\"email\"><label class=\"et_pb_contact_form_label\" for=\"et_pb_contact_0_email_1\">Votre e-mail<\/label><input type=\"text\" name=\"et_pb_contact_0_email_1\" id=\"et_pb_contact_0_email_1\" class=\"input\" data-required_mark=\"required\" data-field_type=\"email\" data-original_id=\"email\" placeholder=\"Votre e-mail\" title=\"\" value=\"\" \/><\/div><div class=\"et_pb_contact_field_2 et_pb_contact_field et_pb_module et_flex_module et_flex_column_24_24 et_flex_column_24_24_tablet et_flex_column_24_24_phone\" data-id=\"message\" data-type=\"text\"><label class=\"et_pb_contact_form_label\" for=\"et_pb_contact_0_message_2\">Votre message<\/label><textarea name=\"et_pb_contact_0_message_2\" id=\"et_pb_contact_0_message_2\" class=\"et_pb_contact_message input\" data-required_mark=\"required\" data-field_type=\"text\" data-original_id=\"message\" placeholder=\"Votre message\"><\/textarea><\/div><div class=\"et_pb_contact_field_3 et_pb_contact_field et_pb_module et_flex_module et_flex_column_24_24 et_flex_column_24_24_tablet et_flex_column_24_24_phone\" data-id=\"kontakt_datenschutz\" data-type=\"checkbox\"><label class=\"et_pb_contact_form_label\"> <\/label><input type=\"hidden\" name=\"et_pb_contact_0_kontakt_datenschutz_3\" class=\"et_pb_checkbox_handle\" data-required_mark=\"required\" data-field_type=\"checkbox\" data-original_id=\"kontakt_datenschutz\" \/><span class=\"et_pb_contact_field_options_wrapper\"><span class=\"et_pb_contact_field_options_title\"> <\/span><span class=\"et_pb_contact_field_options_list\"><span class=\"et_pb_contact_field_checkbox\"><input type=\"checkbox\" id=\"et_pb_contact_0_kontakt_datenschutz_3_0\" class=\"input\" value=\"Pour nous contacter, veuillez accepter notre accord de confidentialit\u00e9.  \" data-required_mark=\"required\" data-field_type=\"checkbox\" data-original_id=\"kontakt_datenschutz\" \/><label for=\"et_pb_contact_0_kontakt_datenschutz_3_0\"><i><\/i>Pour nous contacter, veuillez accepter notre accord de confidentialit\u00e9.   <a target=\"_blank\" href=\"http:\/\/www.hvc.de\/de\/datenschutz\">sur la protection des donn\u00e9es<\/a><\/label><\/span><\/span><\/span><\/div><input type=\"hidden\" name=\"et_pb_contactform_submit_4014b77a-68ce-47af-b477-6f79d04ab61d\" value=\"et_contact_proccess\" \/><div class=\"et_contact_bottom_container\"><div class=\"et_pb_button_wrapper\"><button type=\"submit\" name=\"et_builder_submit_button\" class=\"et_pb_button et_pb_contact_submit\">Envoyer<\/button><\/div><\/div><input type=\"hidden\" id=\"_wpnonce-et-pb-contact-form-submitted-4014b77a-68ce-47af-b477-6f79d04ab61d\" name=\"_wpnonce-et-pb-contact-form-submitted-4014b77a-68ce-47af-b477-6f79d04ab61d\" value=\"3dffb8f480\" \/><input type=\"hidden\" name=\"_wp_http_referer\" value=\"\/fr\/wp-json\/wp\/v2\/pages\/359107\" \/><\/form><\/div><\/div><div class=\"et_pb_text_3 et_pb_text et_pb_bg_layout_light et_pb_module et_block_module\"><\/div><\/div><\/div><\/div>\n","protected":false},"excerpt":{"rendered":"<p>Vous avez des questions. N&rsquo;h\u00e9sitez pas \u00e0 nous contacter. Hubert von Carnap est synonyme de fiabilit\u00e9, de prix justes et de livraison dans les d\u00e9lais.  <\/p>\n","protected":false},"author":1,"featured_media":0,"parent":357715,"menu_order":0,"comment_status":"open","ping_status":"open","template":"","meta":{"_seopress_robots_primary_cat":"","_seopress_titles_title":"","_seopress_titles_desc":"","_seopress_robots_index":"","inline_featured_image":false,"footnotes":""},"class_list":["post-359107","page","type-page","status-publish","hentry"],"jetpack_sharing_enabled":true,"_links":{"self":[{"href":"https:\/\/hvc.de\/fr\/wp-json\/wp\/v2\/pages\/359107","targetHints":{"allow":["GET"]}}],"collection":[{"href":"https:\/\/hvc.de\/fr\/wp-json\/wp\/v2\/pages"}],"about":[{"href":"https:\/\/hvc.de\/fr\/wp-json\/wp\/v2\/types\/page"}],"author":[{"embeddable":true,"href":"https:\/\/hvc.de\/fr\/wp-json\/wp\/v2\/users\/1"}],"replies":[{"embeddable":true,"href":"https:\/\/hvc.de\/fr\/wp-json\/wp\/v2\/comments?post=359107"}],"version-history":[{"count":3,"href":"https:\/\/hvc.de\/fr\/wp-json\/wp\/v2\/pages\/359107\/revisions"}],"predecessor-version":[{"id":359780,"href":"https:\/\/hvc.de\/fr\/wp-json\/wp\/v2\/pages\/359107\/revisions\/359780"}],"up":[{"embeddable":true,"href":"https:\/\/hvc.de\/fr\/wp-json\/wp\/v2\/pages\/357715"}],"wp:attachment":[{"href":"https:\/\/hvc.de\/fr\/wp-json\/wp\/v2\/media?parent=359107"}],"curies":[{"name":"wp","href":"https:\/\/api.w.org\/{rel}","templated":true}]}}