{"id":359110,"date":"2025-05-11T11:56:59","date_gmt":"2025-05-11T09:56:59","guid":{"rendered":"https:\/\/hvc.de\/cartons\/emballage-pour-bijoux-en-carton\/"},"modified":"2025-05-11T11:56:59","modified_gmt":"2025-05-11T09:56:59","slug":"emballage-pour-bijoux-en-carton","status":"publish","type":"page","link":"https:\/\/hvc.de\/fr\/cartons\/emballage-pour-bijoux-en-carton\/","title":{"rendered":"Emballage pour bijoux en carton"},"content":{"rendered":"<h2>Ce n&rsquo;est pas seulement le contenu qui compte : Bo\u00eetes \u00e0 bijoux en carton<\/h2>\n<p>Nos bo\u00eetes \u00e0 bijoux sont individuelles et \u00e9l\u00e9gantes comme leur contenu. Car HvC est d&rsquo;avis qu&rsquo;il n&rsquo;y a pas que les bijoux qui comptent, mais aussi la pr\u00e9sentation et l&#8217;emballage. Et ce dernier ne doit pas faire d\u00e9faut &#8211; un contenu \u00e9l\u00e9gant m\u00e9rite un emballage appropri\u00e9. Les possibilit\u00e9s d&#8217;emballer &#8211; et de pr\u00e9senter &#8211; les bijoux sont multiples.<b> Nos emballages pour bijoux sont fabriqu\u00e9s selon vos souhaits individuels<\/b>. Nous choisissons ensemble une bo\u00eete \u00e0 bijoux en carton adapt\u00e9e \u00e0 vos bijoux.    <\/p>\n<p>   <a href=\"https:\/\/www.hvc.de\/de\/wp-content\/uploads\/2017\/07\/schmuckverpackung-hvc-beispiel.jpeg\"><img loading=\"lazy\" decoding=\"async\" class=\"aligncenter size-full wp-image-735\" alt=\"Emballage pour bijoux en carton de HvC\" src=\"https:\/\/www.hvc.de\/de\/wp-content\/uploads\/2017\/07\/schmuckverpackung-hvc-beispiel.jpeg\" width=\"640\" height=\"480\" srcset=\"https:\/\/hvc.de\/wp-content\/uploads\/2017\/07\/schmuckverpackung-hvc-beispiel.jpeg 640w, https:\/\/hvc.de\/wp-content\/uploads\/2017\/07\/schmuckverpackung-hvc-beispiel-600x450.jpeg 600w, https:\/\/hvc.de\/wp-content\/uploads\/2017\/07\/schmuckverpackung-hvc-beispiel-300x225.jpeg 300w, https:\/\/hvc.de\/wp-content\/uploads\/2017\/07\/schmuckverpackung-hvc-beispiel-194x146.jpeg 194w, https:\/\/hvc.de\/wp-content\/uploads\/2017\/07\/schmuckverpackung-hvc-beispiel-50x37.jpeg 50w, https:\/\/hvc.de\/wp-content\/uploads\/2017\/07\/schmuckverpackung-hvc-beispiel-106x80.jpeg 106w\" sizes=\"(max-width: 640px) 100vw, 640px\" \/><\/a><\/p>\n<p>&nbsp;<\/p>\n<h2>Un design \u00e9l\u00e9gant et une grande stabilit\u00e9<\/h2>\n<p>Aussi \u00e9l\u00e9gants et nobles que soient nos emballages pour bijoux, ils sont \u00e9galement robustes et stables. Car chez HvC, nous pensons que ces caract\u00e9ristiques ne sont pas forc\u00e9ment contradictoires. Comme pour tous nos cartons, nous accordons une grande importance \u00e0 la stabilit\u00e9 et \u00e0 la solidit\u00e9 de nos bo\u00eetes \u00e0 bijoux. Et le design ne doit pas en souffrir, bien au contraire.   <\/p>\n<h2>Polyvalents et pourtant uniques : les emballages pour bijoux de HvC<\/h2>\n<p>En fait, nous ne pouvons pas vraiment d\u00e9velopper ici les diff\u00e9rentes possibilit\u00e9s d&#8217;emballage des bijoux. Nous allons quand m\u00eame essayer : que ce soit une <\/p>\n<ul>\n<li>Bo\u00eete \u00e0 bijoux avec couvercle, pliable ou amovible<\/li>\n<li>Bo\u00eetes pliantes<\/li>\n<li>Bo\u00eetes \u00e0 tiroirs<\/li>\n<li>Bo\u00eete \u00e0 bijoux avec blister<\/li>\n<\/ul>\n<p>il n&rsquo;y a pas de limites \u00e0 la forme. \u00c0 cela s&rsquo;ajoute un choix litt\u00e9ralement infini de couleurs : <b>il n&rsquo;y a pas une seule teinte que nous ne puissions vous proposer !<\/b> Vous avez \u00e9galement le libre choix du carton. Vous pouvez choisir entre diff\u00e9rentes haptiques et \u00e9paisseurs, entre des cartons \u00e0 motifs et des cartons unis et entre un grand choix de finitions de surface. En outre, les emballages pour bijoux peuvent \u00eatre gaufr\u00e9s de diff\u00e9rentes mani\u00e8res :   <\/p>\n<ul>\n<li><b>gaufrage int\u00e9rieur<\/b>, o\u00f9 le gaufrage agit comme une gravure<\/li>\n<li><b>gaufrage ext\u00e9rieur<\/b>, o\u00f9 le gaufrage s&rsquo;\u00e9l\u00e8ve<\/li>\n<\/ul>\n<p>Les deux types de gaufrage peuvent en outre \u00eatre affin\u00e9s en colorant le texte. Ici aussi, le choix de couleurs et de possibilit\u00e9s est litt\u00e9ralement infini. L&rsquo;int\u00e9rieur des bo\u00eetes \u00e0 bijoux est \u00e9galement personnalisable \u00e0 volont\u00e9 : selon les souhaits, il est possible de choisir en plus un inlay en carton ou, pour un tirage plus important, en mousse.  <\/p>\n<p>Pour vous aider \u00e0 faire votre choix, nous vous conseillons volontiers sur les diff\u00e9rentes combinaisons possibles.<\/p>\n<p style=\"text-align: center;\"><a href=\"https:\/\/www.hvc.de\/de\/wp-content\/uploads\/2017\/07\/erhabene-praegung-hvc-miee.jpeg\"><img loading=\"lazy\" decoding=\"async\" class=\"aligncenter wp-image-734\" alt=\"Gaufrage en relief pour bo\u00eetes \u00e0 bijoux en carton\" src=\"https:\/\/www.hvc.de\/de\/wp-content\/uploads\/2017\/07\/erhabene-praegung-hvc-miee.jpeg\" width=\"326\" height=\"245\"\/><\/a><\/p>\n<p style=\"text-align: center;\"><a href=\"https:\/\/www.hvc.de\/de\/wp-content\/uploads\/2017\/07\/hvc-farbfaecher-karton-buckram.jpg\"><img loading=\"lazy\" decoding=\"async\" class=\"aligncenter wp-image-733\" alt=\"\u00c9ventail de couleurs pour emballage de bijoux multicolore de HvC  \" src=\"https:\/\/www.hvc.de\/de\/wp-content\/uploads\/2017\/07\/hvc-farbfaecher-karton-buckram-300x239.jpg\" width=\"300\" height=\"239\" srcset=\"https:\/\/hvc.de\/wp-content\/uploads\/2017\/07\/hvc-farbfaecher-karton-buckram-300x239.jpg 300w, https:\/\/hvc.de\/wp-content\/uploads\/2017\/07\/hvc-farbfaecher-karton-buckram-scaled-600x479.jpg 600w, https:\/\/hvc.de\/wp-content\/uploads\/2017\/07\/hvc-farbfaecher-karton-buckram-1024x817.jpg 1024w, https:\/\/hvc.de\/wp-content\/uploads\/2017\/07\/hvc-farbfaecher-karton-buckram-182x146.jpg 182w, https:\/\/hvc.de\/wp-content\/uploads\/2017\/07\/hvc-farbfaecher-karton-buckram-50x39.jpg 50w, https:\/\/hvc.de\/wp-content\/uploads\/2017\/07\/hvc-farbfaecher-karton-buckram-100x80.jpg 100w\" sizes=\"(max-width: 300px) 100vw, 300px\" \/><\/a><\/p>\n<h2>Chaque \u00e9chantillon est unique<\/h2>\n<p>Le choix des possibilit\u00e9s de conception de nos bo\u00eetes \u00e0 bijoux en carton est presque infini. <strong>C&rsquo;est pourquoi, apr\u00e8s un conseil intensif et personnalis\u00e9, l&#8217;emballage pour bijoux est g\u00e9n\u00e9ralement r\u00e9alis\u00e9 sous forme d&rsquo;\u00e9chantillon<\/strong>. Et cela se fait \u00e0 la main : nous pouvons ainsi garantir que vous recevrez un emballage \u00e9chantillon d&rsquo;une qualit\u00e9 si \u00e9lev\u00e9e qu&rsquo;il sera presque impossible de le distinguer de l&rsquo;original par la suite. <\/p>\n<h2>Directement pr\u00eat \u00e0 l&#8217;emploi : Notre emballage de bijoux<\/h2>\n<p>Nous vous livrons votre bo\u00eete \u00e0 bijoux en carton d\u00e9j\u00e0 pli\u00e9e et pr\u00eate \u00e0 l&#8217;emploi. Laissez le collage et le pliage aux professionnels : nos emballages pour bijoux sont produits \u00e0 grands frais et se composent g\u00e9n\u00e9ralement de plusieurs \u00e9l\u00e9ments. Pour que l&#8217;emballage de bijoux que vous avez command\u00e9 r\u00e9ponde \u00e0 vos et \u00e0 nos exigences de qualit\u00e9, nous ne livrons que des bo\u00eetes \u00e0 bijoux d\u00e9j\u00e0 pr\u00eates \u00e0 l&#8217;emploi, \u00e0 l&rsquo;exception de la bo\u00eete pliante. Vous n&rsquo;avez rien d&rsquo;autre \u00e0 faire que de les d\u00e9baller et de les remplir.   <\/p>\n","protected":false},"excerpt":{"rendered":"<p>Ce n&rsquo;est pas seulement le contenu qui compte : Bo\u00eetes \u00e0 bijoux en carton Nos bo\u00eetes \u00e0 bijoux sont individuelles et \u00e9l\u00e9gantes comme leur contenu. Car HvC est d&rsquo;avis qu&rsquo;il n&rsquo;y a pas que les bijoux qui comptent, mais aussi la pr\u00e9sentation et l&#8217;emballage. Et ce dernier ne doit pas faire d\u00e9faut &#8211; un contenu [&hellip;]<\/p>\n","protected":false},"author":1,"featured_media":0,"parent":357723,"menu_order":0,"comment_status":"open","ping_status":"open","template":"","meta":{"_seopress_robots_primary_cat":"","_seopress_titles_title":"","_seopress_titles_desc":"","_seopress_robots_index":"","inline_featured_image":false,"footnotes":""},"class_list":["post-359110","page","type-page","status-publish","hentry"],"jetpack_sharing_enabled":true,"_links":{"self":[{"href":"https:\/\/hvc.de\/fr\/wp-json\/wp\/v2\/pages\/359110","targetHints":{"allow":["GET"]}}],"collection":[{"href":"https:\/\/hvc.de\/fr\/wp-json\/wp\/v2\/pages"}],"about":[{"href":"https:\/\/hvc.de\/fr\/wp-json\/wp\/v2\/types\/page"}],"author":[{"embeddable":true,"href":"https:\/\/hvc.de\/fr\/wp-json\/wp\/v2\/users\/1"}],"replies":[{"embeddable":true,"href":"https:\/\/hvc.de\/fr\/wp-json\/wp\/v2\/comments?post=359110"}],"version-history":[{"count":0,"href":"https:\/\/hvc.de\/fr\/wp-json\/wp\/v2\/pages\/359110\/revisions"}],"up":[{"embeddable":true,"href":"https:\/\/hvc.de\/fr\/wp-json\/wp\/v2\/pages\/357723"}],"wp:attachment":[{"href":"https:\/\/hvc.de\/fr\/wp-json\/wp\/v2\/media?parent=359110"}],"curies":[{"name":"wp","href":"https:\/\/api.w.org\/{rel}","templated":true}]}}