{"id":359112,"date":"2025-05-11T11:57:00","date_gmt":"2025-05-11T09:57:00","guid":{"rendered":"https:\/\/hvc.de\/contact\/demande\/merci\/"},"modified":"2025-05-11T11:57:00","modified_gmt":"2025-05-11T09:57:00","slug":"merci","status":"publish","type":"page","link":"https:\/\/hvc.de\/fr\/contact\/demande\/merci\/","title":{"rendered":"Merci"},"content":{"rendered":"<h1>Nous vous remercions de l&rsquo;int\u00e9r\u00eat que vous portez \u00e0 HvC.<\/h1>\n<p>&nbsp;<\/p>\n<p>Nous vous contacterons dans les plus brefs d\u00e9lais avec une offre.<\/p>\n","protected":false},"excerpt":{"rendered":"<p>Nous vous remercions de l&rsquo;int\u00e9r\u00eat que vous portez \u00e0 HvC. &nbsp; Nous vous contacterons dans les plus brefs d\u00e9lais avec une offre.<\/p>\n","protected":false},"author":1,"featured_media":0,"parent":359107,"menu_order":0,"comment_status":"open","ping_status":"open","template":"","meta":{"_seopress_robots_primary_cat":"","_seopress_titles_title":"","_seopress_titles_desc":"","_seopress_robots_index":"yes","inline_featured_image":false,"footnotes":""},"class_list":["post-359112","page","type-page","status-publish","hentry"],"jetpack_sharing_enabled":true,"_links":{"self":[{"href":"https:\/\/hvc.de\/fr\/wp-json\/wp\/v2\/pages\/359112","targetHints":{"allow":["GET"]}}],"collection":[{"href":"https:\/\/hvc.de\/fr\/wp-json\/wp\/v2\/pages"}],"about":[{"href":"https:\/\/hvc.de\/fr\/wp-json\/wp\/v2\/types\/page"}],"author":[{"embeddable":true,"href":"https:\/\/hvc.de\/fr\/wp-json\/wp\/v2\/users\/1"}],"replies":[{"embeddable":true,"href":"https:\/\/hvc.de\/fr\/wp-json\/wp\/v2\/comments?post=359112"}],"version-history":[{"count":0,"href":"https:\/\/hvc.de\/fr\/wp-json\/wp\/v2\/pages\/359112\/revisions"}],"up":[{"embeddable":true,"href":"https:\/\/hvc.de\/fr\/wp-json\/wp\/v2\/pages\/359107"}],"wp:attachment":[{"href":"https:\/\/hvc.de\/fr\/wp-json\/wp\/v2\/media?parent=359112"}],"curies":[{"name":"wp","href":"https:\/\/api.w.org\/{rel}","templated":true}]}}