{"id":359116,"date":"2025-05-11T11:57:02","date_gmt":"2025-05-11T09:57:02","guid":{"rendered":"https:\/\/hvc.de\/cartons\/corbeille-a-champignons-en-carton\/"},"modified":"2025-05-11T11:57:02","modified_gmt":"2025-05-11T09:57:02","slug":"corbeille-a-champignons-en-carton","status":"publish","type":"page","link":"https:\/\/hvc.de\/fr\/cartons\/corbeille-a-champignons-en-carton\/","title":{"rendered":"Corbeille \u00e0 champignons en carton"},"content":{"rendered":"<h2>Emballages alimentaires en carton compact pour champignons<\/h2>\n<p>La production d&#8217;emballages de champignons de qualit\u00e9 alimentaire est une discipline en soi, car apr\u00e8s la r\u00e9colte, les champignons ont besoin de conditions de transport &amp; de stockage optimales pour atteindre le consommateur final dans un \u00e9tat de fra\u00eecheur et de qualit\u00e9.  <b>Une alternative \u00e9conomique et respectueuse des ressources \u00e0 la corbeille \u00e0 champignons en bois est l&#8217;emballage alimentaire en carton plein pour champignons.<\/b>  Gr\u00e2ce \u00e0 l&rsquo;utilisation de carton au lieu de bois, les emballages alimentaires en carton compact pour champignons fabriqu\u00e9s par HvC sont particuli\u00e8rement respectueux des ressources et de l&rsquo;environnement. Le mat\u00e9riau pr\u00e9sente un autre avantage &#8211; avec des encres MGA \u00e0 faible migration, les emballages de champignons peuvent \u00eatre imprim\u00e9s individuellement et sont donc personnalisables.   <\/p>\n<h3>Les avantages d&rsquo;un emballage alimentaire en carton compact pour les champignons en un coup d&rsquo;\u0153il :<\/h3>\n<ul>\n<li>\u00e9conomique<\/li>\n<li>respectueux de l&rsquo;environnement<\/li>\n<li>respectueux des ressources<\/li>\n<li>personnalisable<\/li>\n<li>de qualit\u00e9 alimentaire<\/li>\n<li>conserve la fra\u00eecheur et la qualit\u00e9<\/li>\n<li>maniable &amp; pratique \u00e0 utiliser<\/li>\n<\/ul>\n<p style=\"text-align: justify;\"><a href=\"https:\/\/www.hvc.de\/de\/wp-content\/uploads\/2017\/06\/pilzkoerbchen-verpackung.jpg\"><img loading=\"lazy\" decoding=\"async\" class=\"size-full wp-image-717\" alt=\"Paniers de champignons en carton - Emballage alimentaire de HvC\" src=\"https:\/\/www.hvc.de\/de\/wp-content\/uploads\/2017\/06\/pilzkoerbchen-verpackung.jpg\" width=\"800\" height=\"413\" srcset=\"https:\/\/hvc.de\/wp-content\/uploads\/2017\/06\/pilzkoerbchen-verpackung.jpg 800w, https:\/\/hvc.de\/wp-content\/uploads\/2017\/06\/pilzkoerbchen-verpackung-600x310.jpg 600w, https:\/\/hvc.de\/wp-content\/uploads\/2017\/06\/pilzkoerbchen-verpackung-300x154.jpg 300w, https:\/\/hvc.de\/wp-content\/uploads\/2017\/06\/pilzkoerbchen-verpackung-260x134.jpg 260w, https:\/\/hvc.de\/wp-content\/uploads\/2017\/06\/pilzkoerbchen-verpackung-50x25.jpg 50w, https:\/\/hvc.de\/wp-content\/uploads\/2017\/06\/pilzkoerbchen-verpackung-155x80.jpg 155w\" sizes=\"(max-width: 800px) 100vw, 800px\" \/><\/a><\/p>\n<h3>Important &#8211; pas seulement pour les champignons : l&rsquo;aptitude au contact alimentaire  <\/h3>\n<p>Une qualit\u00e9 \u00e9lev\u00e9e et une compatibilit\u00e9 alimentaire sans souci sont les crit\u00e8res les plus importants lors de la fabrication d&#8217;emballages alimentaires en carton compact pour les champignons &#8211; et bien s\u00fbr pour tous les autres aliments.<\/p>\n<p>Cela commence par le carton plein et se poursuit par la colle utilis\u00e9e. <b>Le panier \u00e0 champignons est fabriqu\u00e9 \u00e0 partir de carton alimentaire et de colle<\/b>, et est en outre recouvert d&rsquo;une couche de PE qui r\u00e9pond \u00e0 toutes les exigences des produits en poly\u00e9thyl\u00e8ne. Ainsi, m\u00eame les aliments humides et gras peuvent entrer en contact direct et sans risque avec les emballages alimentaires en carton pour champignons. La stabilit\u00e9 du panier \u00e0 champignons est pr\u00e9serv\u00e9e, car l&rsquo;humidit\u00e9 ne peut pas p\u00e9n\u00e9trer dans le carton.    <\/p>\n<p><b>Les encres et vernis MGA \u00e0 faible migration que nous utilisons sont \u00e9galement sans danger pour les emballages alimentaires et r\u00e9pondent \u00e0 tous les crit\u00e8res<\/b> et bases l\u00e9gales, comme les r\u00e8glements (CE) 1935\/2004, (CE) 2023\/2006 et le code allemand des denr\u00e9es alimentaires, des biens de consommation et des aliments pour animaux (LFGB).<\/p>\n<h3>Conception &#8211; \u00e9chantillonnage &#8211; production : tout d&rsquo;une seule main<\/h3>\n<p>Nous pouvons garantir notre qualit\u00e9 HvC habituelle de premier ordre en prenant en main l&rsquo;ensemble du projet : De la conception et de la planification du projet, en passant par l&rsquo;\u00e9chantillonnage et le design, jusqu&rsquo;\u00e0 la production finale du panier champignon. Ainsi, toutes les \u00e9tapes du projet et de la production sont tr\u00e8s courtes et harmonis\u00e9es entre elles &#8211; la communication est \u00e9galement courte et sans perte. Nous discutons ensemble de toutes les \u00e9tapes de la production et vous conseillons sur l&rsquo;\u00e9chantillonnage des emballages alimentaires en carton compact champignon. Si nous d\u00e9couvrons d&rsquo;autres possibilit\u00e9s d&rsquo;am\u00e9lioration au cours de la production, nous les mettons imm\u00e9diatement en \u0153uvre &#8211; \u00e0 votre avantage.   <\/p>\n<h3>Un design personnalis\u00e9 pour une qualit\u00e9 incomparable<\/h3>\n<p>L&rsquo;un des avantages des emballages alimentaires en carton compact pour champignons est la possibilit\u00e9 de les personnaliser (par exemple avec le logo de votre entreprise), contrairement aux emballages de champignons traditionnels en bois. Pour que les champignons frais ne soient en aucun cas contamin\u00e9s par les substances contenues dans l&#8217;emballage, HvC utilise exclusivement des encres MGA \u00e0 faible migration pour l&rsquo;impression des paniers \u00e0 champignons.   <\/p>\n<p>L&rsquo;impression est num\u00e9rique et, gr\u00e2ce \u00e0 diff\u00e9rents motifs d&rsquo;impression, les emballages alimentaires en carton compact pour champignons peuvent \u00eatre con\u00e7us et marqu\u00e9s de mani\u00e8re unique &#8211; afin que le consommateur final sache au premier coup d&rsquo;\u0153il d&rsquo;o\u00f9 proviennent les champignons.<\/p>\n<h3>Un emballage intelligent &#8211; des co\u00fbts r\u00e9duits<\/h3>\n<p>Les emballages alimentaires en carton compact pour champignons sont livr\u00e9s \u00e0 plat. Cette solution permet de gagner de la place et donc de r\u00e9duire les frais de stockage et de transport. N\u00e9anmoins, gr\u00e2ce au fond pliant automatique, les paniers \u00e0 champignons sont faciles \u00e0 manipuler et d\u00e9j\u00e0 mont\u00e9s en deux temps trois mouvements.    <\/p>\n","protected":false},"excerpt":{"rendered":"<p>Emballages alimentaires en carton compact pour champignons La production d&#8217;emballages de champignons de qualit\u00e9 alimentaire est une discipline en soi, car apr\u00e8s la r\u00e9colte, les champignons ont besoin de conditions de transport &amp; de stockage optimales pour atteindre le consommateur final dans un \u00e9tat de fra\u00eecheur et de qualit\u00e9. Une alternative \u00e9conomique et respectueuse des [&hellip;]<\/p>\n","protected":false},"author":1,"featured_media":0,"parent":357723,"menu_order":0,"comment_status":"open","ping_status":"open","template":"","meta":{"_seopress_robots_primary_cat":"","_seopress_titles_title":"","_seopress_titles_desc":"","_seopress_robots_index":"","inline_featured_image":false,"footnotes":""},"class_list":["post-359116","page","type-page","status-publish","hentry"],"jetpack_sharing_enabled":true,"_links":{"self":[{"href":"https:\/\/hvc.de\/fr\/wp-json\/wp\/v2\/pages\/359116","targetHints":{"allow":["GET"]}}],"collection":[{"href":"https:\/\/hvc.de\/fr\/wp-json\/wp\/v2\/pages"}],"about":[{"href":"https:\/\/hvc.de\/fr\/wp-json\/wp\/v2\/types\/page"}],"author":[{"embeddable":true,"href":"https:\/\/hvc.de\/fr\/wp-json\/wp\/v2\/users\/1"}],"replies":[{"embeddable":true,"href":"https:\/\/hvc.de\/fr\/wp-json\/wp\/v2\/comments?post=359116"}],"version-history":[{"count":0,"href":"https:\/\/hvc.de\/fr\/wp-json\/wp\/v2\/pages\/359116\/revisions"}],"up":[{"embeddable":true,"href":"https:\/\/hvc.de\/fr\/wp-json\/wp\/v2\/pages\/357723"}],"wp:attachment":[{"href":"https:\/\/hvc.de\/fr\/wp-json\/wp\/v2\/media?parent=359116"}],"curies":[{"name":"wp","href":"https:\/\/api.w.org\/{rel}","templated":true}]}}