{"id":359144,"date":"2025-05-11T11:57:12","date_gmt":"2025-05-11T09:57:12","guid":{"rendered":"https:\/\/hvc.de\/cartons\/decoupes-automatiques\/"},"modified":"2025-05-11T11:57:12","modified_gmt":"2025-05-11T09:57:12","slug":"decoupes-automatiques","status":"publish","type":"page","link":"https:\/\/hvc.de\/fr\/cartons\/decoupes-automatiques\/","title":{"rendered":"D\u00e9coupes automatiques"},"content":{"rendered":"<p>Les d\u00e9coupes automatiques sont des d\u00e9coupes d&#8217;emballages sp\u00e9cialement con\u00e7ues pour l&#8217;emballage m\u00e9canique et qui sont \u00e0 la fois redress\u00e9es et coll\u00e9es par l&rsquo;automate. Ils sont transport\u00e9s et livr\u00e9s \u00e0 plat et conviennent particuli\u00e8rement bien aux grandes s\u00e9ries. L&#8217;emballage se compose d&rsquo;une surface de base plate et allong\u00e9e ainsi que de plusieurs petites sections de carton qui, avec la surface de base, forment un emballage uniforme apr\u00e8s la fabrication en tant que d\u00e9coupes pour automates.  <\/p>\n<p>Les d\u00e9coupes pour distributeurs automatiques sont principalement utilis\u00e9es dans le secteur alimentaire. La fabrication d&#8217;emballages de boissons en est un exemple. Le fabricant les produit en grande s\u00e9rie pour les distribuer aux commer\u00e7ants, c&rsquo;est pourquoi les d\u00e9coupes de distributeurs automatiques pr\u00e9fabriqu\u00e9es conviennent parfaitement \u00e0 ce type de production de masse. Les produits dont les emballages sont fabriqu\u00e9s \u00e0 l&rsquo;aide de d\u00e9coupes automatiques sont principalement des boissons \u00e0 base de jus de fruits et des produits similaires.   <\/p>\n","protected":false},"excerpt":{"rendered":"<p>Les d\u00e9coupes automatiques sont des d\u00e9coupes d&#8217;emballages sp\u00e9cialement con\u00e7ues pour l&#8217;emballage m\u00e9canique et qui sont \u00e0 la fois redress\u00e9es et coll\u00e9es par l&rsquo;automate. Ils sont transport\u00e9s et livr\u00e9s \u00e0 plat et conviennent particuli\u00e8rement bien aux grandes s\u00e9ries. L&#8217;emballage se compose d&rsquo;une surface de base plate et allong\u00e9e ainsi que de plusieurs petites sections de carton [&hellip;]<\/p>\n","protected":false},"author":1,"featured_media":0,"parent":357723,"menu_order":7,"comment_status":"open","ping_status":"closed","template":"","meta":{"_seopress_robots_primary_cat":"","_seopress_titles_title":"","_seopress_titles_desc":"","_seopress_robots_index":"","inline_featured_image":false,"footnotes":""},"class_list":["post-359144","page","type-page","status-publish","hentry"],"jetpack_sharing_enabled":true,"_links":{"self":[{"href":"https:\/\/hvc.de\/fr\/wp-json\/wp\/v2\/pages\/359144","targetHints":{"allow":["GET"]}}],"collection":[{"href":"https:\/\/hvc.de\/fr\/wp-json\/wp\/v2\/pages"}],"about":[{"href":"https:\/\/hvc.de\/fr\/wp-json\/wp\/v2\/types\/page"}],"author":[{"embeddable":true,"href":"https:\/\/hvc.de\/fr\/wp-json\/wp\/v2\/users\/1"}],"replies":[{"embeddable":true,"href":"https:\/\/hvc.de\/fr\/wp-json\/wp\/v2\/comments?post=359144"}],"version-history":[{"count":0,"href":"https:\/\/hvc.de\/fr\/wp-json\/wp\/v2\/pages\/359144\/revisions"}],"up":[{"embeddable":true,"href":"https:\/\/hvc.de\/fr\/wp-json\/wp\/v2\/pages\/357723"}],"wp:attachment":[{"href":"https:\/\/hvc.de\/fr\/wp-json\/wp\/v2\/media?parent=359144"}],"curies":[{"name":"wp","href":"https:\/\/api.w.org\/{rel}","templated":true}]}}