{"id":359147,"date":"2025-05-11T11:57:13","date_gmt":"2025-05-11T09:57:13","guid":{"rendered":"https:\/\/hvc.de\/cartons\/boites-a-monter\/"},"modified":"2025-05-11T11:57:13","modified_gmt":"2025-05-11T09:57:13","slug":"boites-a-monter","status":"publish","type":"page","link":"https:\/\/hvc.de\/fr\/cartons\/boites-a-monter\/","title":{"rendered":"Bo\u00eetes \u00e0 monter"},"content":{"rendered":"<h3>Bo\u00eetes \u00e0 monter \/ cartons \u00e0 couvercle coiffant &#8211; que peuvent-elles faire et \u00e0 quoi servent-elles ?<\/h3>\n<p>Les bo\u00eetes \u00e0 couvercle coiffant sont utilis\u00e9es dans de nombreux secteurs. Il est important que les exigences du client soient satisfaites et que la fonctionnalit\u00e9 de la bo\u00eete soit garantie. Bien entendu, les bo\u00eetes \u00e0 d\u00e9plier peuvent \u00eatre color\u00e9es de mani\u00e8re \u00e0 attirer directement l&rsquo;attention de l&rsquo;observateur. Les bo\u00eetes \u00e0 d\u00e9plier sont utilis\u00e9es dans l&rsquo;industrie alimentaire, pharmaceutique et de l&rsquo;outillage. Gr\u00e2ce \u00e0 leur forme pratique, ces bo\u00eetes \u00e0 couvercle coiffant peuvent \u00eatre utilis\u00e9es plusieurs fois, car les produits souhait\u00e9s sont faciles \u00e0 pr\u00e9lever et peuvent \u00eatre remplis \u00e0 nouveau si n\u00e9cessaire. Pour une utilisation pratique, les bo\u00eetes \u00e0 monter sont particuli\u00e8rement adapt\u00e9es au stockage de papier ou de magazines. Vos utilisateurs finaux ont ainsi la possibilit\u00e9 de prendre facilement le produit souhait\u00e9 et de le recharger plus rapidement si n\u00e9cessaire. De m\u00eame, les bo\u00eetes \u00e0 d\u00e9plier sont id\u00e9ales pour le stockage de dossiers rapides.       <\/p>\n<h3>Fonctionnement des bo\u00eetes \u00e0 monter<\/h3>\n<p>En raison de leur forme, les bo\u00eetes \u00e0 monter sont \u00e9galement appel\u00e9es bo\u00eetes \u00e0 couvercle, bo\u00eetes \u00e0 couvercle coiffant ou cartons \u00e0 couvercle coiffant. Cela s&rsquo;explique par le fait qu&rsquo;une bo\u00eete \u00e0 monter est g\u00e9n\u00e9ralement compos\u00e9e de deux parties : un couvercle et un fond. La forme traditionnelle est le plus souvent parall\u00e9l\u00e9pip\u00e9dique ou cubique, plus rarement polygonale ou m\u00eame ronde ou ovale. Le couvercle de la bo\u00eete \u00e0 monter est l\u00e9g\u00e8rement plus grand que le fond, de sorte qu&rsquo;il peut \u00eatre retourn\u00e9, ce qui explique pourquoi les bo\u00eetes \u00e0 monter sont \u00e9galement appel\u00e9es bo\u00eetes \u00e0 couvercle retourn\u00e9. La plupart du temps, on utilise des couvercles plats avec une faible hauteur int\u00e9rieure, alors que les couvercles profonds, qui couvrent toute la hauteur de l&rsquo;article, sont plut\u00f4t rares. Il existe \u00e9galement des bo\u00eetes \u00e0 couvercle coiffant de forme diff\u00e9rente, dans lesquelles le couvercle fait partie int\u00e9grante de l&#8217;emballage, comme c&rsquo;est le cas des couvercles \u00e0 charni\u00e8res, qui sont g\u00e9n\u00e9ralement reli\u00e9s au r\u00e9cipient sur le c\u00f4t\u00e9 long.     <\/p>\n<h3>2-Pkt ?, 4PKT,&#8230; Quelles sont les bo\u00eetes de redressement disponibles ?<\/h3>\n<p>Dans le cas des bo\u00eetes \u00e0 monter, le collage est tr\u00e8s important pour la coh\u00e9sion des coins. C&rsquo;est pourquoi on distingue les bo\u00eetes \u00e0 monter coll\u00e9es \u00e0 2 points, \u00e0 4 points ou \u00e0 6 points. Alors que la bo\u00eete coll\u00e9e en 2 points est ouverte d&rsquo;un c\u00f4t\u00e9, la bo\u00eete coll\u00e9e en 4 points est la bo\u00eete \u00e0 d\u00e9plier classique. Dans la bo\u00eete coll\u00e9e \u00e0 6 points, seul le couvercle est ajout\u00e9. Les bo\u00eetes \u00e0 monter sont \u00e9galement livr\u00e9es pli\u00e9es afin de transporter un maximum de volume chez le client. De plus, la mise en forme se fait ici aussi manuellement ou m\u00e9caniquement, de sorte que ces bo\u00eetes \u00e0 couvercle coiffant sont ensuite directement pr\u00eates \u00e0 l&#8217;emploi.        <\/p>\n","protected":false},"excerpt":{"rendered":"<p>Bo\u00eetes \u00e0 monter \/ cartons \u00e0 couvercle coiffant &#8211; que peuvent-elles faire et \u00e0 quoi servent-elles ? Les bo\u00eetes \u00e0 couvercle coiffant sont utilis\u00e9es dans de nombreux secteurs. Il est important que les exigences du client soient satisfaites et que la fonctionnalit\u00e9 de la bo\u00eete soit garantie. Bien entendu, les bo\u00eetes \u00e0 d\u00e9plier peuvent \u00eatre [&hellip;]<\/p>\n","protected":false},"author":1,"featured_media":0,"parent":357723,"menu_order":5,"comment_status":"open","ping_status":"closed","template":"","meta":{"_seopress_robots_primary_cat":"","_seopress_titles_title":"","_seopress_titles_desc":"","_seopress_robots_index":"","inline_featured_image":false,"footnotes":""},"class_list":["post-359147","page","type-page","status-publish","hentry"],"jetpack_sharing_enabled":true,"_links":{"self":[{"href":"https:\/\/hvc.de\/fr\/wp-json\/wp\/v2\/pages\/359147","targetHints":{"allow":["GET"]}}],"collection":[{"href":"https:\/\/hvc.de\/fr\/wp-json\/wp\/v2\/pages"}],"about":[{"href":"https:\/\/hvc.de\/fr\/wp-json\/wp\/v2\/types\/page"}],"author":[{"embeddable":true,"href":"https:\/\/hvc.de\/fr\/wp-json\/wp\/v2\/users\/1"}],"replies":[{"embeddable":true,"href":"https:\/\/hvc.de\/fr\/wp-json\/wp\/v2\/comments?post=359147"}],"version-history":[{"count":0,"href":"https:\/\/hvc.de\/fr\/wp-json\/wp\/v2\/pages\/359147\/revisions"}],"up":[{"embeddable":true,"href":"https:\/\/hvc.de\/fr\/wp-json\/wp\/v2\/pages\/357723"}],"wp:attachment":[{"href":"https:\/\/hvc.de\/fr\/wp-json\/wp\/v2\/media?parent=359147"}],"curies":[{"name":"wp","href":"https:\/\/api.w.org\/{rel}","templated":true}]}}