{"id":359148,"date":"2025-05-11T11:57:13","date_gmt":"2025-05-11T09:57:13","guid":{"rendered":"https:\/\/hvc.de\/certification\/bam\/"},"modified":"2026-03-30T15:04:54","modified_gmt":"2026-03-30T13:04:54","slug":"bam","status":"publish","type":"page","link":"https:\/\/hvc.de\/fr\/certification\/bam\/","title":{"rendered":"BAM"},"content":{"rendered":"\n<div class=\"et_pb_section_0 et_pb_section et_section_regular et_block_section preset--module--divi-section--default\"><div class=\"et_pb_row_0 et_pb_row et_block_row\"><div class=\"et_pb_column_0 et_pb_column et_pb_column_4_4 et-last-child et_block_column et_pb_css_mix_blend_mode_passthrough\"><div class=\"et_pb_image_0 et_pb_image et_pb_module et_block_module\"><span class=\"et_pb_image_wrap\"><img decoding=\"async\" src=\"https:\/\/www.hvc.de\/de\/wp-content\/uploads\/2022\/02\/bam-logo-png-transparent.png\" title=\"bam-logo-png-transparent\" alt=\"BAM\" \/><\/span><\/div><\/div><\/div><\/div><div class=\"et_pb_section_1 et_pb_section et_section_regular et_block_section preset--module--divi-section--default\"><div class=\"et_pb_row_1 et_pb_row et_block_row\"><div class=\"et_pb_column_1 et_pb_column et_pb_column_4_4 et-last-child et_block_column et_pb_css_mix_blend_mode_passthrough\"><div class=\"et_pb_text_0 et_pb_text et_pb_bg_layout_light et_pb_module et_block_module\"><div class=\"et_pb_text_inner\"><p>En tant qu'organisation neutre, le BAM (Bundesanstalt f\u00fcr Materialforschung und-pr\u00fcfung) contr\u00f4le les fabricants d'emballages pour marchandises dangereuses.<\/p>\n<p>Par emballage de marchandises dangereuses, on entend <a href=\"\/?page_id=357723\">les cartons<\/a>, citernes, IBC, bidons, f\u00fbts, etc. Ils servent \u00e0 transporter, stocker et entreposer des marchandises dangereuses en toute s\u00e9curit\u00e9. Les explosifs, les batteries &amp; autres produits contenant des liquides dangereux pour l'environnement en sont des exemples. Nos cartons en carton fort sont certifi\u00e9s BAM depuis 1981.   <\/p>\n<p>Les cartons (jusqu'\u00e0 1.700g\/m\u00b2) sont en outre contr\u00f4l\u00e9s \u00e0 chaque commande quant aux propri\u00e9t\u00e9s du produit afin de r\u00e9pondre aux <a href=\"\/?page_id=357686\">exigences de qualit\u00e9<\/a> \u00e9lev\u00e9es. Le contr\u00f4le comprend un test d'impression et un test de chute afin d'assurer aux clients que nos cartons r\u00e9sistent aux fortes contraintes. <\/p>\n<p>Pour plus d'informations, consultez notre rubrique \" <a href=\"\/?page_id=155\">Emballages pour produits dangereux\"<\/a>.<\/p>\n<\/div><\/div><\/div><\/div><div class=\"et_pb_row_2 et_pb_row et_block_row\"><div class=\"et_pb_column_2 et_pb_column et_pb_column_4_4 et-last-child et_block_column et_pb_css_mix_blend_mode_passthrough\"><div class=\"et_pb_icon_0 et_pb_icon et_clickable et_pb_module et_block_module\"><span class=\"et_pb_icon_wrap\"><a href=\"https:\/\/hvc.de\/wp-content\/uploads\/2023\/02\/Anerkennung-BAM-2022-2027.pdf\" target=\"_blank\"><span class=\"et-pb-icon\">\uf1c1<\/span><\/a><\/span><\/div><\/div><\/div><\/div>\n","protected":false},"excerpt":{"rendered":"","protected":false},"author":1,"featured_media":0,"parent":357701,"menu_order":2,"comment_status":"open","ping_status":"open","template":"","meta":{"_seopress_robots_primary_cat":"","_seopress_titles_title":"","_seopress_titles_desc":"","_seopress_robots_index":"","inline_featured_image":false,"footnotes":""},"class_list":["post-359148","page","type-page","status-publish","hentry"],"jetpack_sharing_enabled":true,"_links":{"self":[{"href":"https:\/\/hvc.de\/fr\/wp-json\/wp\/v2\/pages\/359148","targetHints":{"allow":["GET"]}}],"collection":[{"href":"https:\/\/hvc.de\/fr\/wp-json\/wp\/v2\/pages"}],"about":[{"href":"https:\/\/hvc.de\/fr\/wp-json\/wp\/v2\/types\/page"}],"author":[{"embeddable":true,"href":"https:\/\/hvc.de\/fr\/wp-json\/wp\/v2\/users\/1"}],"replies":[{"embeddable":true,"href":"https:\/\/hvc.de\/fr\/wp-json\/wp\/v2\/comments?post=359148"}],"version-history":[{"count":3,"href":"https:\/\/hvc.de\/fr\/wp-json\/wp\/v2\/pages\/359148\/revisions"}],"predecessor-version":[{"id":359787,"href":"https:\/\/hvc.de\/fr\/wp-json\/wp\/v2\/pages\/359148\/revisions\/359787"}],"up":[{"embeddable":true,"href":"https:\/\/hvc.de\/fr\/wp-json\/wp\/v2\/pages\/357701"}],"wp:attachment":[{"href":"https:\/\/hvc.de\/fr\/wp-json\/wp\/v2\/media?parent=359148"}],"curies":[{"name":"wp","href":"https:\/\/api.w.org\/{rel}","templated":true}]}}