{"id":359165,"date":"2025-05-11T11:57:20","date_gmt":"2025-05-11T09:57:20","guid":{"rendered":"https:\/\/hvc.de\/certification\/iso-9001\/"},"modified":"2026-03-30T15:04:57","modified_gmt":"2026-03-30T13:04:57","slug":"iso-9001","status":"publish","type":"page","link":"https:\/\/hvc.de\/fr\/certification\/iso-9001\/","title":{"rendered":"ISO 9001"},"content":{"rendered":"\n<div class=\"et_pb_section_0 et_pb_section et_section_regular et_block_section preset--module--divi-section--default\"><div class=\"et_pb_row_0 et_pb_row et_block_row\"><div class=\"et_pb_column_0 et_pb_column et_pb_column_4_4 et-last-child et_block_column et_pb_css_mix_blend_mode_passthrough\"><div class=\"et_pb_image_0 et_pb_image et_pb_module et_block_module\"><span class=\"et_pb_image_wrap\"><img decoding=\"async\" src=\"https:\/\/www.hvc.de\/de\/wp-content\/uploads\/2021\/11\/ISO9001-e1636540737807.jpg\" title=\"ISO9001\" \/><\/span><\/div><\/div><\/div><\/div><div class=\"et_pb_section_1 et_pb_section et_section_regular et_block_section preset--module--divi-section--default\"><div class=\"et_pb_row_1 et_pb_row et_block_row\"><div class=\"et_pb_column_1 et_pb_column et_pb_column_4_4 et-last-child et_block_column et_pb_css_mix_blend_mode_passthrough\"><div class=\"et_pb_text_0 et_pb_text et_pb_bg_layout_light et_pb_module et_block_module\"><div class=\"et_pb_text_inner\"><p>BM TRADA Certification, \"leader mondial de la certification\", contr\u00f4le et certifie des entreprises dans des cat\u00e9gories tr\u00e8s diff\u00e9rentes. D\u00e9but novembre 2013, elle a certifi\u00e9 \u00e0 Hubert von Carnap la mise en place et le maintien d'un syst\u00e8me de gestion de la qualit\u00e9 visant \u00e0 am\u00e9liorer en permanence l'efficacit\u00e9 et le rendement dans les domaines de la production et de la distribution d'emballages en carton compact. <\/p>\n<p>En obtenant la certification ISO 9001:2015, nous avons acquis un label de qualit\u00e9 significatif, m\u00eame au niveau international, qui nous conforte dans nos efforts pour mettre en place une gestion globale de la qualit\u00e9.<\/p>\n<\/div><\/div><\/div><\/div><div class=\"et_pb_row_2 et_pb_row et_block_row\"><div class=\"et_pb_column_2 et_pb_column et_pb_column_4_4 et-last-child et_block_column et_pb_css_mix_blend_mode_passthrough\"><div class=\"et_pb_icon_0 et_pb_icon et_clickable et_pb_module et_block_module\"><span class=\"et_pb_icon_wrap\"><a href=\"https:\/\/hvc.de\/wp-content\/uploads\/2023\/02\/Hubert-von-Carnap-ISO-9001-EN-2022.pdf\" target=\"_blank\"><span class=\"et-pb-icon\">\uf1c1<\/span><\/a><\/span><\/div><\/div><\/div><\/div>\n","protected":false},"excerpt":{"rendered":"","protected":false},"author":1,"featured_media":0,"parent":357701,"menu_order":0,"comment_status":"open","ping_status":"open","template":"","meta":{"_seopress_robots_primary_cat":"","_seopress_titles_title":"","_seopress_titles_desc":"Avec la certification de BM TRADA Certification selon la norme ISO 9001:2015, nous avons acquis un label de qualit\u00e9 qui est \u00e9galement significatif au niveau international.","_seopress_robots_index":"","inline_featured_image":false,"footnotes":""},"class_list":["post-359165","page","type-page","status-publish","hentry"],"jetpack_sharing_enabled":true,"_links":{"self":[{"href":"https:\/\/hvc.de\/fr\/wp-json\/wp\/v2\/pages\/359165","targetHints":{"allow":["GET"]}}],"collection":[{"href":"https:\/\/hvc.de\/fr\/wp-json\/wp\/v2\/pages"}],"about":[{"href":"https:\/\/hvc.de\/fr\/wp-json\/wp\/v2\/types\/page"}],"author":[{"embeddable":true,"href":"https:\/\/hvc.de\/fr\/wp-json\/wp\/v2\/users\/1"}],"replies":[{"embeddable":true,"href":"https:\/\/hvc.de\/fr\/wp-json\/wp\/v2\/comments?post=359165"}],"version-history":[{"count":2,"href":"https:\/\/hvc.de\/fr\/wp-json\/wp\/v2\/pages\/359165\/revisions"}],"predecessor-version":[{"id":359790,"href":"https:\/\/hvc.de\/fr\/wp-json\/wp\/v2\/pages\/359165\/revisions\/359790"}],"up":[{"embeddable":true,"href":"https:\/\/hvc.de\/fr\/wp-json\/wp\/v2\/pages\/357701"}],"wp:attachment":[{"href":"https:\/\/hvc.de\/fr\/wp-json\/wp\/v2\/media?parent=359165"}],"curies":[{"name":"wp","href":"https:\/\/api.w.org\/{rel}","templated":true}]}}