{"id":359189,"date":"2025-05-11T11:58:04","date_gmt":"2025-05-11T09:58:04","guid":{"rendered":"https:\/\/hvc.de\/certification\/fsc-forest-stewardship-council\/"},"modified":"2026-03-30T15:05:03","modified_gmt":"2026-03-30T13:05:03","slug":"fsc-forest-stewardship-council","status":"publish","type":"page","link":"https:\/\/hvc.de\/fr\/certification\/fsc-forest-stewardship-council\/","title":{"rendered":"FSC\u00ae (FOREST STEWARDSHIP COUNCIL)"},"content":{"rendered":"\n<div class=\"et_pb_section_0 et_pb_section et_section_regular et_block_section preset--module--divi-section--default\"><div class=\"et_pb_row_0 et_pb_row et_block_row\"><div class=\"et_pb_column_0 et_pb_column et_pb_column_4_4 et-last-child et_block_column et_pb_css_mix_blend_mode_passthrough\"><div class=\"et_pb_image_0 et_pb_image et_pb_module et_block_module\"><span class=\"et_pb_image_wrap\"><img loading=\"lazy\" decoding=\"async\" src=\"https:\/\/hvc.de\/wp-content\/uploads\/2023\/10\/FSC_C115026_Promotional_with_text_Portrait_WhiteOnGreen_r_SDIy3l-jpeg.webp\" width=\"1024\" height=\"1623\" sizes=\"(min-width: 0px) and (max-width: 480px) 480px, (min-width: 481px) and (max-width: 980px) 980px, (min-width: 981px) 1024px, 100vw\" class=\"wp-image-357105\" title=\"FSC_C115026_Promotional_with_text_Portrait_WhiteOnGreen_r_SDIy3l\" alt=\"Certificat FSC\" \/><\/span><\/div><\/div><\/div><\/div><div class=\"et_pb_section_1 et_pb_section et_section_regular et_block_section preset--module--divi-section--default\"><div class=\"et_pb_row_1 et_pb_row et_block_row\"><div class=\"et_pb_column_1 et_pb_column et_pb_column_4_4 et-last-child et_block_column et_pb_css_mix_blend_mode_passthrough\"><div class=\"et_pb_text_0 et_pb_text et_pb_bg_layout_light et_pb_module et_block_module\"><div class=\"et_pb_text_inner\"><p>FSC\u00ae signifie Forest Stewardship Council et a \u00e9t\u00e9 cr\u00e9\u00e9 en 1993 apr\u00e8s la conf\u00e9rence \"Environnement &amp; D\u00e9veloppement\" de Rio de Janeiro en tant qu'organisation non gouvernementale ind\u00e9pendante et \u00e0 but non lucratif, qui s'engage pour une gestion \u00e9conomiquement viable des for\u00eats.<\/p>\n<p>En tant que Hubert von Carnap GmbH &amp; Co. KG, nous souhaitons adh\u00e9rer \u00e0 cette norme et poursuivre ainsi les lignes directrices de notre <a href=\"\/?page_id=357697\">politique environnementale<\/a>. En outre, nous nous effor\u00e7ons de veiller \u00e0 ce que les ressources foresti\u00e8res disponibles soient utilis\u00e9es de mani\u00e8re responsable. <\/p>\n<p>En certifiant notre production selon la norme FSC\u00ae, nous nous engageons \u00e0 fournir \u00e0 nos clients des produits \u00e9cologiquement sains et \u00e0 contribuer ainsi \u00e0 l'am\u00e9lioration de la gestion durable des for\u00eats. Il est important pour nous de faire preuve de transparence vis-\u00e0-vis de nos clients en prouvant que les mat\u00e9riaux certifi\u00e9s ne sont pas associ\u00e9s \u00e0 des mat\u00e9riaux non certifi\u00e9s. <\/p>\n<p>Le certificat FSC\u00ae avec la d\u00e9signation unique C115026 atteste de l'authenticit\u00e9 et rend difficile pour les imposteurs d'\u00e9tiquettes de se parer de plumes \u00e9trang\u00e8res comme l'orientation environnementale et la durabilit\u00e9.<\/p>\n<\/div><\/div><\/div><\/div><div class=\"et_pb_row_2 et_pb_row et_block_row\"><div class=\"et_pb_column_2 et_pb_column et_pb_column_4_4 et-last-child et_block_column et_pb_css_mix_blend_mode_passthrough\"><div class=\"et_pb_icon_0 et_pb_icon et_clickable et_pb_module et_block_module\"><span class=\"et_pb_icon_wrap\"><a href=\"https:\/\/hvc.de\/wp-content\/uploads\/2023\/02\/FSC-Zertifikat-HvC-2023.pdf\" target=\"_blank\"><span class=\"et-pb-icon\">\uf1c1<\/span><\/a><\/span><\/div><\/div><\/div><\/div>\n","protected":false},"excerpt":{"rendered":"","protected":false},"author":1,"featured_media":0,"parent":357701,"menu_order":3,"comment_status":"open","ping_status":"open","template":"","meta":{"_seopress_robots_primary_cat":"","_seopress_titles_title":"","_seopress_titles_desc":"","_seopress_robots_index":"","inline_featured_image":false,"footnotes":""},"class_list":["post-359189","page","type-page","status-publish","hentry"],"jetpack_sharing_enabled":true,"_links":{"self":[{"href":"https:\/\/hvc.de\/fr\/wp-json\/wp\/v2\/pages\/359189","targetHints":{"allow":["GET"]}}],"collection":[{"href":"https:\/\/hvc.de\/fr\/wp-json\/wp\/v2\/pages"}],"about":[{"href":"https:\/\/hvc.de\/fr\/wp-json\/wp\/v2\/types\/page"}],"author":[{"embeddable":true,"href":"https:\/\/hvc.de\/fr\/wp-json\/wp\/v2\/users\/1"}],"replies":[{"embeddable":true,"href":"https:\/\/hvc.de\/fr\/wp-json\/wp\/v2\/comments?post=359189"}],"version-history":[{"count":2,"href":"https:\/\/hvc.de\/fr\/wp-json\/wp\/v2\/pages\/359189\/revisions"}],"predecessor-version":[{"id":359795,"href":"https:\/\/hvc.de\/fr\/wp-json\/wp\/v2\/pages\/359189\/revisions\/359795"}],"up":[{"embeddable":true,"href":"https:\/\/hvc.de\/fr\/wp-json\/wp\/v2\/pages\/357701"}],"wp:attachment":[{"href":"https:\/\/hvc.de\/fr\/wp-json\/wp\/v2\/media?parent=359189"}],"curies":[{"name":"wp","href":"https:\/\/api.w.org\/{rel}","templated":true}]}}