{"id":358694,"date":"2023-02-05T18:22:13","date_gmt":"2025-05-10T18:33:51","guid":{"rendered":"https:\/\/hvc.de\/produkte\/emballage-pour-vis-85x86x75\/"},"modified":"2025-05-10T20:33:51","modified_gmt":"2025-05-10T18:33:51","slug":"emballage-pour-vis-85x86x75","status":"publish","type":"product","link":"https:\/\/hvc.de\/fr\/produkte\/emballage-pour-vis-85x86x75\/","title":{"rendered":"Emballage pour vis 85x86x75"},"content":{"rendered":"<p>Emballage pour vis (bo\u00eete pliante) avec goulotte. Id\u00e9al pour le rangement de petites pi\u00e8ces comme les vis et les \u00e9crous ainsi que les briques Lego, les tees de golf, etc. <\/p>\n<p>Mat\u00e9riau : carton chromo-duplex &#8211; GD II &#8211; recto blanc \/ verso gris, 500g\/qm, certifi\u00e9 FSC<\/p>\n<p><a href=\"https:\/\/www.hvc.de\/de\/wp-content\/uploads\/2022\/02\/Forest_Stewardship_Council_Logo.svg_.png\"><img loading=\"lazy\" decoding=\"async\" class=\"alignnone wp-image-2425\" src=\"https:\/\/www.hvc.de\/de\/wp-content\/uploads\/2022\/02\/Forest_Stewardship_Council_Logo.svg_-288x300.png\" alt=\"FSC\" width=\"87\" height=\"91\" srcset=\"https:\/\/hvc.de\/wp-content\/uploads\/2022\/02\/Forest_Stewardship_Council_Logo.svg_-288x300.png 288w, https:\/\/hvc.de\/wp-content\/uploads\/2022\/02\/Forest_Stewardship_Council_Logo.svg_-600x624.png 600w, https:\/\/hvc.de\/wp-content\/uploads\/2022\/02\/Forest_Stewardship_Council_Logo.svg_-985x1024.png 985w, https:\/\/hvc.de\/wp-content\/uploads\/2022\/02\/Forest_Stewardship_Council_Logo.svg_-768x799.png 768w, https:\/\/hvc.de\/wp-content\/uploads\/2022\/02\/Forest_Stewardship_Council_Logo.svg_-1080x1123.png 1080w, https:\/\/hvc.de\/wp-content\/uploads\/2022\/02\/Forest_Stewardship_Council_Logo.svg_-980x1019.png 980w, https:\/\/hvc.de\/wp-content\/uploads\/2022\/02\/Forest_Stewardship_Council_Logo.svg_-480x499.png 480w, https:\/\/hvc.de\/wp-content\/uploads\/2022\/02\/Forest_Stewardship_Council_Logo.svg_.png 1152w\" sizes=\"(max-width: 87px) 100vw, 87px\" \/><\/a><\/p>\n","protected":false},"excerpt":{"rendered":"<p>Emballage pour vis (bo\u00eete pliante) avec goulotte. Id\u00e9al pour le rangement de petites pi\u00e8ces comme les vis et les \u00e9crous ainsi que les briques Lego, les tees de golf, etc. Mat\u00e9riau : carton chromo-duplex &#8211; GD II &#8211; recto blanc \/ verso gris, 500g\/qm, certifi\u00e9 FSC<\/p>\n","protected":false},"featured_media":358696,"comment_status":"closed","ping_status":"closed","template":"","meta":{"_seopress_robots_primary_cat":"none","_seopress_titles_title":"","_seopress_titles_desc":"","_seopress_robots_index":"","inline_featured_image":false},"product_brand":[],"product_cat":[163],"product_tag":[],"class_list":{"0":"post-358694","1":"product","2":"type-product","3":"status-publish","4":"has-post-thumbnail","6":"product_cat-emballages-pour-vis","8":"first","9":"outofstock","10":"taxable","11":"shipping-taxable","12":"product-type-variable"},"jetpack_sharing_enabled":true,"_links":{"self":[{"href":"https:\/\/hvc.de\/fr\/wp-json\/wp\/v2\/product\/358694","targetHints":{"allow":["GET"]}}],"collection":[{"href":"https:\/\/hvc.de\/fr\/wp-json\/wp\/v2\/product"}],"about":[{"href":"https:\/\/hvc.de\/fr\/wp-json\/wp\/v2\/types\/product"}],"replies":[{"embeddable":true,"href":"https:\/\/hvc.de\/fr\/wp-json\/wp\/v2\/comments?post=358694"}],"wp:featuredmedia":[{"embeddable":true,"href":"https:\/\/hvc.de\/fr\/wp-json\/wp\/v2\/media\/358696"}],"wp:attachment":[{"href":"https:\/\/hvc.de\/fr\/wp-json\/wp\/v2\/media?parent=358694"}],"wp:term":[{"taxonomy":"product_brand","embeddable":true,"href":"https:\/\/hvc.de\/fr\/wp-json\/wp\/v2\/product_brand?post=358694"},{"taxonomy":"product_cat","embeddable":true,"href":"https:\/\/hvc.de\/fr\/wp-json\/wp\/v2\/product_cat?post=358694"},{"taxonomy":"product_tag","embeddable":true,"href":"https:\/\/hvc.de\/fr\/wp-json\/wp\/v2\/product_tag?post=358694"}],"curies":[{"name":"wp","href":"https:\/\/api.w.org\/{rel}","templated":true}]}}