{"id":359082,"date":"2025-05-11T11:56:50","date_gmt":"2025-05-11T09:56:50","guid":{"rendered":"https:\/\/hvc.de\/f-a-q\/"},"modified":"2026-03-30T15:04:37","modified_gmt":"2026-03-30T13:04:37","slug":"f-a-q","status":"publish","type":"page","link":"https:\/\/hvc.de\/nl\/f-a-q\/","title":{"rendered":"F.A.Q."},"content":{"rendered":"<div class=\"et_pb_section_0 et_pb_section et_section_regular et_block_section preset--module--divi-section--default\"><div class=\"et_pb_row_0 et_pb_row et_block_row\"><div class=\"et_pb_column_0 et_pb_column et_pb_column_4_4 et-last-child et_block_column et_pb_css_mix_blend_mode_passthrough\"><div class=\"et_pb_text_0 et_pb_text et_pb_bg_layout_dark et_pb_module et_block_module et_pb_text_align_center\"><div class=\"et_pb_text_inner\"><h1>F.A.Q. &amp; Woordenlijst<\/h1>\n<p><span style=\"font-size: large;\"><strong>Hier vindt u antwoorden op veel vragen uit de verpakkingssector<\/strong><\/span><\/p>\n<p><span style=\"font-size: large;\"><strong>  en uitleg van technische termen.<\/strong><\/span><\/p>\n<\/div><\/div><\/div><\/div><\/div><div class=\"et_pb_section_1 et_pb_section et_section_regular et_block_section preset--module--divi-section--default\"><div class=\"et_pb_row_1 et_pb_row et_block_row\"><div class=\"et_pb_column_1 et_pb_column et_pb_column_4_4 et-last-child et_block_column et_pb_css_mix_blend_mode_passthrough\"><div class=\"et_pb_toggle_0 et_pb_toggle et_pb_toggle_item et_pb_toggle_close et_pb_module et_block_module ally-toggle\"><h5 class=\"et_pb_toggle_title\">Wat moet er op de verpakking van voedingsmiddelen staan?<\/h5><div class=\"et_pb_toggle_content clearfix\"><p><span>Voor fabrikanten is de eerste voedseletikettering de zogenaamde \"verkoopbenaming\". De verkoopbenaming is een term waaraan de consument duidelijk kan herkennen om welk product het gaat. Fantasienamen kunnen worden gebruikt om reclame te maken voor het product en de voordelen ervan te benadrukken, maar in geen geval mag de fantasienaam de verkoopbenaming vervangen.  <\/span><\/p>\n<\/div><\/div><div class=\"et_pb_toggle_1 et_pb_toggle et_pb_toggle_item et_pb_toggle_close et_pb_module et_block_module ally-toggle\"><h5 class=\"et_pb_toggle_title\">Wat is de ingredi\u00ebntenlijst op de verpakking van het voedsel?<\/h5><div class=\"et_pb_toggle_content clearfix\"><p><span>Alle verpakkingen van voedingsmiddelen moeten een ingredi\u00ebntenlijst bevatten. Deze lijst bevat een overzicht van alle ingredi\u00ebnten die het product bevat en is gerangschikt op hoeveelheid. Het grootste ingredi\u00ebnt van een product staat vooraan in de lijst en het kleinste staat achteraan.  <\/span><\/p>\n<\/div><\/div><div class=\"et_pb_toggle_2 et_pb_toggle et_pb_toggle_item et_pb_toggle_close et_pb_module et_block_module ally-toggle\"><h5 class=\"et_pb_toggle_title\">Welke allergenen moeten op de verpakking van voedingsmiddelen worden vermeld?<\/h5><div class=\"et_pb_toggle_content clearfix\"><p><span>Er zijn 14 ingredi\u00ebnten (hoofdallergenen) waar allergiepati\u00ebnten onder alle omstandigheden op gewezen moeten worden. Dit zijn onder andere pinda's, noten, eieren, soja, melk, weekdieren, schaaldieren, lupinen, selderij, mosterd, sesamzaad, glutenbevattende granen en zwaveldioxide en sulfieten met een concentratie van meer dan 10mg\/kg of 10mg\/L. <\/span><\/p>\n<\/div><\/div><\/div><\/div><div class=\"et_pb_row_2 et_pb_row et_block_row\"><div class=\"et_pb_column_2 et_pb_column et_pb_column_4_4 et-last-child et_block_column et_pb_css_mix_blend_mode_passthrough\"><div class=\"et_pb_toggle_3 et_pb_toggle et_pb_toggle_item et_pb_toggle_close et_pb_module et_block_module ally-toggle\"><h5 class=\"et_pb_toggle_title\">Is de informatie van de fabrikant op de verpakking van voedingsmiddelen verplicht?<\/h5><div class=\"et_pb_toggle_content clearfix\"><p><span>De gegevens van de fabrikant zijn verplicht voor productetikettering. De naam of bedrijfsnaam moet direct naast het adres worden vermeld. Een batchnummer op het product maakt het mogelijk om het artikel terug te traceren naar de fabrikant in geval van een klacht.  <\/span><\/p>\n<\/div><\/div><div class=\"et_pb_toggle_4 et_pb_toggle et_pb_toggle_item et_pb_toggle_close et_pb_module et_block_module ally-toggle\"><h5 class=\"et_pb_toggle_title\">Wat zijn vulhoeveelheden?<\/h5><div class=\"et_pb_toggle_content clearfix\"><p><span>Deze informatie is ook te vinden op de verpakking van het voedsel en informeert de klant hoeveel inhoud\/gewicht het voedsel bevat. De Association for Food Labelling (Vereniging voor Etikettering van Voedingsmiddelen) staat het weglaten van een etiket met de vulhoeveelheid alleen toe als het product minder dan 50 gram weegt. Vaste voedingsmiddelen worden aangegeven in grammen of kilo's, vloeibare en geconcentreerde producten in liters.  <\/span><\/p>\n<\/div><\/div><div class=\"et_pb_toggle_5 et_pb_toggle et_pb_toggle_item et_pb_toggle_close et_pb_module et_block_module ally-toggle\"><h5 class=\"et_pb_toggle_title\">Opzetboxen \/ schuifdekseldozen - wat kunnen ze en waar zijn ze voor?<\/h5><div class=\"et_pb_toggle_content clearfix\"><p><span>Opzetdozen of slipdekseldozen worden in veel industrie\u00ebn gebruikt. Het is belangrijk dat aan de specifieke eisen van de klant voor de doos wordt voldaan en dat de functionaliteit gegarandeerd is. Het spreekt voor zich dat rechtopstaande dozen ook kleurgeco\u00f6rdineerd kunnen worden, zodat ze meteen in het oog springen. Opzetboxen worden gebruikt in de voedingsmiddelen-, farmaceutische en gereedschapsindustrie. De praktische vorm van deze dozen met schuifdeksel maakt ze geschikt voor meervoudig gebruik, omdat de benodigde producten er gemakkelijk uit te halen zijn en indien nodig opnieuw gevuld kunnen worden. Voor praktisch gebruik zijn opzetdozen bijzonder geschikt voor het opslaan van papier of tijdschriften. Zo kunnen uw eindgebruikers het gewenste product er gemakkelijk uithalen en indien nodig sneller bijvullen. Ook losbladige ordners kunnen ideaal worden opgeslagen in opvouwbare dozen.       <\/span><\/p>\n<\/div><\/div><\/div><\/div><div class=\"et_pb_row_3 et_pb_row et_block_row\"><div class=\"et_pb_column_3 et_pb_column et_pb_column_4_4 et-last-child et_block_column et_pb_css_mix_blend_mode_passthrough\"><div class=\"et_pb_toggle_6 et_pb_toggle et_pb_toggle_item et_pb_toggle_close et_pb_module et_block_module ally-toggle\"><h5 class=\"et_pb_toggle_title\">Wat wordt bedoeld met blanco automaat?<\/h5><div class=\"et_pb_toggle_content clearfix\"><p><span>Machineflanks zijn verpakkingsvormen die speciaal zijn gemaakt voor machinaal verpakken en die door de machine worden opgezet en gelijmd. Ze worden plat getransporteerd en geleverd en zijn bijzonder geschikt voor grote series. De verpakking bestaat uit een plat, langwerpig grondvlak en verschillende kleine kartonnen segmenten die, samen met het grondvlak, na productie als machineschijf een uniforme verpakking vormen. Machineflanken worden voornamelijk gebruikt in de voedingsmiddelensector. Een voorbeeld is de productie van drankverpakkingen. De fabrikant produceert deze in grote series voor distributie naar de detailhandel en daarom zijn geprefabriceerde machineflanken ideaal voor dit soort massaproductie. Producten waarvan de verpakking geproduceerd wordt met behulp van machineflanken zijn voornamelijk vruchtensapdranken en soortgelijke producten.      <\/span><\/p>\n<\/div><\/div><div class=\"et_pb_toggle_7 et_pb_toggle et_pb_toggle_item et_pb_toggle_close et_pb_module et_block_module ally-toggle\"><h5 class=\"et_pb_toggle_title\">Wat zijn lockbottom boxes?<\/h5><div class=\"et_pb_toggle_content clearfix\"><p><span>Net als vouwdozen worden vouwbodemdozen gebruikt op een aantal gebieden, zoals de opslag en levering van informatiemateriaal, voedingsmiddelen of tabaksproducten, omdat ze snel kunnen worden opgezet en gevarieerd zijn. Het verschil tussen de twee kartonnen dozen is bijna af te leiden uit de naam, omdat de bodem van vouwbodemdozen al gelijmd is bij levering, terwijl de bodem van vouwdozen nog met de hand gesloten moet worden. Vouwbodemdozen zijn daarom bijzonder geschikt als verzenddozen.    <\/span><\/p>\n<\/div><\/div><div class=\"et_pb_toggle_8 et_pb_toggle et_pb_toggle_item et_pb_toggle_close et_pb_module et_block_module ally-toggle\"><h5 class=\"et_pb_toggle_title\">Wat is een vouwkarton?<\/h5><div class=\"et_pb_toggle_content clearfix\"><p><span>Vouwdozen zijn geprefabriceerde, bedrukte kartonnen dozen die door de fabrikant in een ruimtebesparende, gevouwen toestand aan de verwerkende bedrijven worden geleverd, waar ze met de hand of machinaal worden opgezet. Door de grote verscheidenheid aan vouwdozen is deze verpakking in veel sectoren ingeburgerd geraakt, zoals de farmaceutische industrie, de gereedschapsindustrie en de levensmiddelenindustrie. In het algemeen worden vouwdozen op veel gebieden gebruikt, waarbij ze het product benadrukken als directe verpakking - afhankelijk van de toepassing.    <\/span><\/p>\n<\/div><\/div><div class=\"et_pb_toggle_9 et_pb_toggle et_pb_toggle_item et_pb_toggle_close et_pb_module et_block_module ally-toggle\"><h5 class=\"et_pb_toggle_title\">Waarom heb je een verpakking voor gevaarlijke goederen nodig?<\/h5><div class=\"et_pb_toggle_content clearfix\"><p>Wist je dat alleen al in Duitsland in 2014 ongeveer 303 miljoen ton gevaarlijke goederen werd vervoerd? Ongeveer de helft daarvan over de Duitse wegen. <span> <\/span>Maar er zijn een paar dingen waar je aan moet denken als je gevaarlijke goederen vervoert:<\/p>\n<p>Goederen die gecategoriseerd zijn als gevaarlijk vereisen een veilige verpakking voor gevaarlijke goederen om vervoerd te kunnen worden. Alleen speciale dozen voor gevaarlijke goederen minimaliseren het risico voor mens en milieu tijdens het transport<i>.<\/i> <\/p>\n<\/div><\/div><div class=\"et_pb_toggle_10 et_pb_toggle et_pb_toggle_item et_pb_toggle_close et_pb_module et_block_module ally-toggle\"><h5 class=\"et_pb_toggle_title\">Welke categorie\u00ebn verpakkingen voor gevaarlijke goederen zijn er?<\/h5><div class=\"et_pb_toggle_content clearfix\"><p><strong>Gevaarlijke goederen worden ingedeeld in drie groepen:<\/strong><\/p>\n<p>I = hoog risico<br \/>II = gemiddeld risico<br \/>III = laag risico<\/p>\n<p><strong>In lijn hiermee wordt de verpakking van gevaarlijke goederen ook onderverdeeld in drie groepen en krijgen ze de serviceletters X, Y en Z.<\/strong><span> <\/span>Deze serviceletters staan voor:<\/p>\n<p>X = hoog risico<br \/>Y = gemiddeld risico<br \/>Z = laag risico<\/p>\n<ul>\n<li>Een X-verpakking kan gevaarlijke goederen bevatten van verpakkingsgroepen I, II en III.<\/li>\n<li>Y-verpakkingen kunnen alleen gevaarlijke goederen bevatten in verpakkingsgroepen II en III.<\/li>\n<li>Z-verpakkingen kunnen alleen gevaarlijke goederen bevatten in verpakkingsgroep III.<\/li>\n<\/ul>\n<p>Alle geautoriseerde en gefabriceerde verpakkingen voor gevaarlijke goederen die worden gebruikt, moeten zijn voorzien van een UN-symbool, gevolgd door de hierboven beschreven letter- en cijfercode. Alleen dan is een verpakking voor gevaarlijke goederen ook toegestaan volgens de richtlijnen van de VN. <\/p>\n<\/div><\/div><\/div><\/div><\/div><div class=\"et_pb_section_2 et_pb_section et_section_regular et_block_section preset--module--divi-section--default\"><div class=\"et_pb_row_4 et_pb_row et_block_row\"><div class=\"et_pb_column_4 et_pb_column et_pb_column_4_4 et-last-child et_block_column et_pb_css_mix_blend_mode_passthrough\"><div class=\"et_pb_text_1 et_pb_text et_pb_bg_layout_dark et_pb_module et_block_module et_pb_text_align_center\"><div class=\"et_pb_text_inner\"><h3>Zijn er nog vragen?<\/h3>\n<p><strong class=\"ally-lines\">Neem contact met ons op, wij geven je de antwoorden.<\/strong><\/p>\n<\/div><\/div><div class=\"et_pb_module et_pb_button_module_wrapper et_pb_button_0_wrapper\"><a class=\"et_pb_button_0 et_pb_button et_pb_bg_layout_light et_pb_module et_block_module\" href=\"https:\/\/www.hvc.de\/kontakt\/anfrage\/\">Neem contact met ons op<\/a><\/div><\/div><\/div><\/div>","protected":false},"excerpt":{"rendered":"","protected":false},"author":1,"featured_media":0,"parent":0,"menu_order":0,"comment_status":"closed","ping_status":"closed","template":"","meta":{"_seopress_robots_primary_cat":"","_seopress_titles_title":"%%post_title%%%%sep%% %%sitetitle%% We beantwoorden je vragen","_seopress_titles_desc":"F.A.Q. - Hier vindt u veel interessante vragen en antwoorden over interessante onderwerpen met betrekking tot verpakkingen. Er is bijvoorbeeld uitleg over het verpakken van gevaarlijke goederen. ","_seopress_robots_index":"","inline_featured_image":false,"footnotes":""},"class_list":["post-359082","page","type-page","status-publish","hentry"],"jetpack_sharing_enabled":true,"_links":{"self":[{"href":"https:\/\/hvc.de\/nl\/wp-json\/wp\/v2\/pages\/359082","targetHints":{"allow":["GET"]}}],"collection":[{"href":"https:\/\/hvc.de\/nl\/wp-json\/wp\/v2\/pages"}],"about":[{"href":"https:\/\/hvc.de\/nl\/wp-json\/wp\/v2\/types\/page"}],"author":[{"embeddable":true,"href":"https:\/\/hvc.de\/nl\/wp-json\/wp\/v2\/users\/1"}],"replies":[{"embeddable":true,"href":"https:\/\/hvc.de\/nl\/wp-json\/wp\/v2\/comments?post=359082"}],"version-history":[{"count":3,"href":"https:\/\/hvc.de\/nl\/wp-json\/wp\/v2\/pages\/359082\/revisions"}],"predecessor-version":[{"id":359775,"href":"https:\/\/hvc.de\/nl\/wp-json\/wp\/v2\/pages\/359082\/revisions\/359775"}],"wp:attachment":[{"href":"https:\/\/hvc.de\/nl\/wp-json\/wp\/v2\/media?parent=359082"}],"curies":[{"name":"wp","href":"https:\/\/api.w.org\/{rel}","templated":true}]}}