{"id":359197,"date":"2025-05-11T11:58:05","date_gmt":"2025-05-11T09:58:05","guid":{"rendered":"https:\/\/hvc.de\/kartonnen-dozen\/loondruk\/"},"modified":"2025-05-11T11:58:05","modified_gmt":"2025-05-11T09:58:05","slug":"loondruk","status":"publish","type":"page","link":"https:\/\/hvc.de\/nl\/kartonnen-dozen\/loondruk\/","title":{"rendered":"Loondruk"},"content":{"rendered":"<h2>Contractprinten: Laat uw verpakkingen drukken &#8211; direct bij HvC<\/h2>\n<p><strong>Geen saaie verpakkingen meer<\/strong> &#8211; wij bedrukken je verpakkingsmaterialen met onze <strong>gloednieuwe drukmachine<\/strong>. Wij maken voor u verpakkingsprints van de hoogste kwaliteit die uw klanten zullen verrassen. <\/p>\n<h3>Dankzij nieuwe drukpers: nog meer capaciteit voor contractdrukwerk<\/h3>\n<p>Iedereen die ons bedrijf volgt, zal gemerkt hebben dat we in 2021 een grote investering hebben gedaan met onze <a href=\"https:\/\/www.hvc.de\/de\/unternehmen\/blog\/hvc-neue-druckmaschine-artikel-im-ksta\/\">nieuwe drukpers<\/a>, gemaakt door Koenig &amp; Bauer. Deze investering biedt ons een brede waaier aan nieuwe contractdrukmogelijkheden! <\/p>\n<p>De nieuwe drukmachine, die nu in gebruik wordt genomen, heeft een <strong>capaciteit die ruim 50% groter is<\/strong> dan onze vorige. Om ervoor te zorgen dat de volledige capaciteit van de nieuwe machine wordt benut en ook<strong> u<\/strong> kunt profiteren van de uitstekende prestaties van de 5 miljoen euro kostende machine, bieden wij u graag de mogelijkheid om <strong>uw verpakkingen bij HvC te laten bedrukken<\/strong>! <\/p>\n<h3>Verpakkingen afdrukken &#8211; met kwaliteit en volgens uw idee\u00ebn<\/h3>\n<p>Met onze uitstekende technische apparatuur op het gebied van contractprinten kunnen we <strong>precies aan uw eisen voldoen<\/strong>. Wij bedrukken verpakkingsmaterialen van verschillende soorten met de motieven van uw keuze. Dit trekt gegarandeerd de aandacht van uw eindgebruikers en zorgt voor een blijvend positief merkeffect.  <\/p>\n<p>Verpakkingen met een bijzonder, opvallend uiterlijk en een memorabele boodschap zorgen namelijk voor een aanzienlijk hogere <strong>herkenningswaarde<\/strong> bij eindgebruikers en bevorderen zo ook de loyaliteit aan je merk.<\/p>\n<p>Als specialist in de productie van verpakkingen van hoge kwaliteit bieden we een compleet dienstenpakket uit \u00e9\u00e9n hand. Onze diensten vari\u00ebren van het bedrukken van verpakkingen tot verdere verwerking en verlijming. Samen met u vinden we de juiste oplossing voor contractdrukwerk die voldoet aan <strong>uw wensen en idee\u00ebn<\/strong>. Neem gewoon contact met ons op!   <\/p>\n<h3>Technische gegevens van de nieuwe drukpers<\/h3>\n<p>Om u te helpen beoordelen of onze nieuwe drukpers geschikt is voor uw behoeften op het gebied van verpakkingsdrukwerk, vindt u hier enkele technische specificaties:<\/p>\n<ul style=\"list-style-type: circle;\">\n<li>Machine: <a href=\"http:\/\/www.koenig-bauer.com\/de\">K\u00f6nig &amp; Bauer<\/a> Rapida 145-5+L ALV3 (5 afdrukeenheden met coatingeenheid)<\/li>\n<li>Afdrukformaat: minimaal 500 x 600 mm; maximaal 1.060 x 1.450 mm<\/li>\n<li>Gramgewicht: 120 &#8211; 1.200 g\/m\u00b2<\/li>\n<\/ul>\n<p>We kijken ernaar uit om uw verpakking binnenkort te drukken!<\/p>\n","protected":false},"excerpt":{"rendered":"<p>Contractprinten: Laat uw verpakkingen drukken &#8211; direct bij HvC Geen saaie verpakkingen meer &#8211; wij bedrukken je verpakkingsmaterialen met onze gloednieuwe drukmachine. Wij maken voor u verpakkingsprints van de hoogste kwaliteit die uw klanten zullen verrassen. Dankzij nieuwe drukpers: nog meer capaciteit voor contractdrukwerk Iedereen die ons bedrijf volgt, zal gemerkt hebben dat we in [&hellip;]<\/p>\n","protected":false},"author":1,"featured_media":0,"parent":357706,"menu_order":9,"comment_status":"open","ping_status":"closed","template":"","meta":{"_seopress_robots_primary_cat":"","_seopress_titles_title":"","_seopress_titles_desc":"","_seopress_robots_index":"","inline_featured_image":false,"footnotes":""},"class_list":["post-359197","page","type-page","status-publish","hentry"],"jetpack_sharing_enabled":true,"_links":{"self":[{"href":"https:\/\/hvc.de\/nl\/wp-json\/wp\/v2\/pages\/359197","targetHints":{"allow":["GET"]}}],"collection":[{"href":"https:\/\/hvc.de\/nl\/wp-json\/wp\/v2\/pages"}],"about":[{"href":"https:\/\/hvc.de\/nl\/wp-json\/wp\/v2\/types\/page"}],"author":[{"embeddable":true,"href":"https:\/\/hvc.de\/nl\/wp-json\/wp\/v2\/users\/1"}],"replies":[{"embeddable":true,"href":"https:\/\/hvc.de\/nl\/wp-json\/wp\/v2\/comments?post=359197"}],"version-history":[{"count":0,"href":"https:\/\/hvc.de\/nl\/wp-json\/wp\/v2\/pages\/359197\/revisions"}],"up":[{"embeddable":true,"href":"https:\/\/hvc.de\/nl\/wp-json\/wp\/v2\/pages\/357706"}],"wp:attachment":[{"href":"https:\/\/hvc.de\/nl\/wp-json\/wp\/v2\/media?parent=359197"}],"curies":[{"name":"wp","href":"https:\/\/api.w.org\/{rel}","templated":true}]}}