{"id":358703,"date":"2023-02-06T12:55:33","date_gmt":"2023-02-06T10:55:33","guid":{"rendered":"https:\/\/hvc.de\/produkte\/schroefverpakking-86x60x40\/"},"modified":"2026-04-02T08:20:39","modified_gmt":"2026-04-02T06:20:39","slug":"schroefverpakking-86x60x40","status":"publish","type":"product","link":"https:\/\/hvc.de\/nl\/produkte\/schroefverpakking-86x60x40\/","title":{"rendered":"Schroefverpakking 86x60x40"},"content":{"rendered":"<div style=\"width: 1080px;\" class=\"wp-video\"><video class=\"wp-video-shortcode\" id=\"video-358703-1\" width=\"1080\" height=\"608\" preload=\"metadata\" controls=\"controls\"><source type=\"video\/mp4\" src=\"https:\/\/hvc.de\/wp-content\/uploads\/2026\/04\/7115-1.mp4?_=1\" \/><a href=\"https:\/\/hvc.de\/wp-content\/uploads\/2026\/04\/7115-1.mp4\">https:\/\/hvc.de\/wp-content\/uploads\/2026\/04\/7115-1.mp4<\/a><\/video><\/div>\n<p>&nbsp;<\/p>\n<p>Schroefverpakking (vouwdoos)<\/p>\n<p>Ideaal voor het opbergen van kleine onderdelen zoals schroeven en moeren, maar ook Legoblokjes, golf tees enz.<\/p>\n<p>Materiaal: grijs karton &#8211; GKI wit aan \u00e9\u00e9n zijde, bruin aan \u00e9\u00e9n zijde, 500g\/m\u00b2, FSC-gecertificeerd<\/p>\n<p><a href=\"https:\/\/www.hvc.de\/de\/wp-content\/uploads\/2022\/02\/Forest_Stewardship_Council_Logo.svg_.png\"><img loading=\"lazy\" decoding=\"async\" class=\"alignnone wp-image-2425\" src=\"https:\/\/www.hvc.de\/de\/wp-content\/uploads\/2022\/02\/Forest_Stewardship_Council_Logo.svg_-288x300.png\" alt=\"FSC\" width=\"87\" height=\"91\" srcset=\"https:\/\/hvc.de\/wp-content\/uploads\/2022\/02\/Forest_Stewardship_Council_Logo.svg_-288x300.png 288w, https:\/\/hvc.de\/wp-content\/uploads\/2022\/02\/Forest_Stewardship_Council_Logo.svg_-600x624.png 600w, https:\/\/hvc.de\/wp-content\/uploads\/2022\/02\/Forest_Stewardship_Council_Logo.svg_-985x1024.png 985w, https:\/\/hvc.de\/wp-content\/uploads\/2022\/02\/Forest_Stewardship_Council_Logo.svg_-768x799.png 768w, https:\/\/hvc.de\/wp-content\/uploads\/2022\/02\/Forest_Stewardship_Council_Logo.svg_-1080x1123.png 1080w, https:\/\/hvc.de\/wp-content\/uploads\/2022\/02\/Forest_Stewardship_Council_Logo.svg_-980x1019.png 980w, https:\/\/hvc.de\/wp-content\/uploads\/2022\/02\/Forest_Stewardship_Council_Logo.svg_-480x499.png 480w, https:\/\/hvc.de\/wp-content\/uploads\/2022\/02\/Forest_Stewardship_Council_Logo.svg_.png 1152w\" sizes=\"(max-width: 87px) 100vw, 87px\" \/><\/a><\/p>\n<p>&nbsp;<\/p>\n","protected":false},"excerpt":{"rendered":"<p>&nbsp; Schroefverpakking (vouwdoos) Ideaal voor het opbergen van kleine onderdelen zoals schroeven en moeren, maar ook Legoblokjes, golf tees enz. Materiaal: grijs karton &#8211; GKI wit aan \u00e9\u00e9n zijde, bruin aan \u00e9\u00e9n zijde, 500g\/m\u00b2, FSC-gecertificeerd &nbsp;<\/p>\n","protected":false},"featured_media":358708,"comment_status":"closed","ping_status":"closed","template":"","meta":{"_seopress_robots_primary_cat":"none","_seopress_titles_title":"","_seopress_titles_desc":"","_seopress_robots_index":"","inline_featured_image":false},"product_brand":[],"product_cat":[169],"product_tag":[],"class_list":{"0":"post-358703","1":"product","2":"type-product","3":"status-publish","4":"has-post-thumbnail","6":"product_cat-schroefverpakking","8":"first","9":"instock","10":"taxable","11":"shipping-taxable","12":"purchasable","13":"product-type-variable"},"jetpack_sharing_enabled":true,"_links":{"self":[{"href":"https:\/\/hvc.de\/nl\/wp-json\/wp\/v2\/product\/358703","targetHints":{"allow":["GET"]}}],"collection":[{"href":"https:\/\/hvc.de\/nl\/wp-json\/wp\/v2\/product"}],"about":[{"href":"https:\/\/hvc.de\/nl\/wp-json\/wp\/v2\/types\/product"}],"replies":[{"embeddable":true,"href":"https:\/\/hvc.de\/nl\/wp-json\/wp\/v2\/comments?post=358703"}],"wp:featuredmedia":[{"embeddable":true,"href":"https:\/\/hvc.de\/nl\/wp-json\/wp\/v2\/media\/358708"}],"wp:attachment":[{"href":"https:\/\/hvc.de\/nl\/wp-json\/wp\/v2\/media?parent=358703"}],"wp:term":[{"taxonomy":"product_brand","embeddable":true,"href":"https:\/\/hvc.de\/nl\/wp-json\/wp\/v2\/product_brand?post=358703"},{"taxonomy":"product_cat","embeddable":true,"href":"https:\/\/hvc.de\/nl\/wp-json\/wp\/v2\/product_cat?post=358703"},{"taxonomy":"product_tag","embeddable":true,"href":"https:\/\/hvc.de\/nl\/wp-json\/wp\/v2\/product_tag?post=358703"}],"curies":[{"name":"wp","href":"https:\/\/api.w.org\/{rel}","templated":true}]}}